{"id":17614,"date":"2024-12-10T14:27:13","date_gmt":"2024-12-10T12:27:13","guid":{"rendered":"https:\/\/luxuryspacluj.upbit.ro\/?post_type=product&#038;p=17614"},"modified":"2024-12-10T14:30:54","modified_gmt":"2024-12-10T12:30:54","slug":"spa-detox-shaping-ritual","status":"publish","type":"product","link":"https:\/\/luxuryspacluj.upbit.ro\/?product=spa-detox-shaping-ritual","title":{"rendered":"SPA DETOX &#038; SHAPING RITUAL"},"content":{"rendered":"<p>SPA DETOX &amp; SHAPING RITUAL este un ritual tratament excep\u021bional de \u00eengrijire corporal\u0103 orientat c\u0103tre rezultate. Acest tratament profund detoxifiant, dar remodelant \u00een acela\u0219i timp, implic\u0103 un melanj de tehnici \u0219i proceduri \u00een care vei beneficia de exfoliere complet\u0103 a corpului, urmat\u0103 de aplicarea unei m\u0103\u0219ti de hidratare corporal\u0103 timp \u00een care scalpul t\u0103u va fi detensionat prin mi\u0219c\u0103ri fluide de masaj \u0219i terapie de trigger points pentru a echilibra sistemul nervos \u0219i a stimula eliberarea toxinelor din \u021besuturi profunde, tehnici de drenaj limfatic manual, aplicarea unei creme specifice pe tot corpul t\u0103u, pentru ca la final corpul t\u0103u s\u0103 se simt\u0103 mult mai u\u0219or, relaxat \u0219i echilibrat. Presiunea aplicat\u0103 este semnificativ mai mic\u0103 dec\u00e2t \u00een masajele conven\u021bionale \u2013 dar puternic\u0103 \u00een efectele sale, o form\u0103 bl\u00e2nd\u0103 de terapie prin masaj, efectuat\u0103 cu inten\u021bia de a stimula sistemul limfatic al corpului, experienta terapeutului si o selectie de uleiuri esentiale amestecate cu aten\u021bie, care urm\u0103resc s\u0103 v\u0103 elibereze stresul \u0219i tensiunea, \u00een timp ce calmeaz\u0103 \u0219i hr\u0103nesc pielea. Ajut\u0103 la stimularea recontur\u0103rii siluetei, dar \u0219i protejeaz\u0103 \u00eempotriva \u00eemb\u0103tr\u00e2nirii premature \u0219i a stresului provocat de factorii nocivi din mediul \u00eenconjur\u0103tor. Un ritual profund hr\u0103nitor, dezvoltat pentru relaxarea \u0219i \u00eentinerirea \u00eentregului organism, care las\u0103 pielea intens hidratat\u0103, supl\u0103 \u0219i discret aromat\u0103. O senza\u021bie de relaxare, combinat\u0103 cu bucuria de a avea o piele str\u0103lucitoare, neted\u0103, moale \u0219i supl\u0103 \u00ee\u021bi va da un sentiment de restaurare complet\u0103. Elemente ale acestui tratament corporal: elixir parfum corporal, peeling corporal, masc\u0103 corporal\u0103, drenaj limfatic&amp; masaj relax (1 ora), crema final shaping corporal.<\/p>\n","protected":false},"excerpt":{"rendered":"<p><strong>Durat\u0103: 120 min<\/strong><\/p>\n","protected":false},"featured_media":682,"comment_status":"open","ping_status":"closed","template":"","meta":[],"product_cat":[33],"product_tag":[],"class_list":{"0":"post-17614","1":"product","2":"type-product","3":"status-publish","4":"has-post-thumbnail","6":"product_cat-gift-card","8":"first","9":"instock","10":"downloadable","11":"virtual","12":"purchasable","13":"product-type-simple"},"yoast_head":"<!-- This site is optimized with the Yoast SEO plugin v24.0 - https:\/\/yoast.com\/wordpress\/plugins\/seo\/ -->\n<title>SPA DETOX &amp; SHAPING RITUAL - Luxury Spa Cluj Napoca<\/title>\n<meta name=\"robots\" content=\"index, follow, max-snippet:-1, max-image-preview:large, max-video-preview:-1\" \/>\n<link rel=\"canonical\" href=\"https:\/\/luxuryspacluj.upbit.ro\/produs\/spa-detox-shaping-ritual\/\" \/>\n<meta property=\"og:locale\" content=\"ro_RO\" \/>\n<meta property=\"og:type\" content=\"article\" \/>\n<meta property=\"og:title\" content=\"SPA DETOX &amp; SHAPING RITUAL - Luxury Spa Cluj Napoca\" \/>\n<meta property=\"og:description\" content=\"Durat\u0103: 120 min\" \/>\n<meta property=\"og:url\" content=\"https:\/\/luxuryspacluj.upbit.ro\/produs\/spa-detox-shaping-ritual\/\" \/>\n<meta property=\"og:site_name\" content=\"Luxury Spa Cluj Napoca\" \/>\n<meta property=\"article:publisher\" content=\"https:\/\/www.facebook.com\/LuxurySpaCluj\/\" \/>\n<meta property=\"article:modified_time\" content=\"2024-12-10T12:30:54+00:00\" \/>\n<meta property=\"og:image\" content=\"https:\/\/luxuryspacluj.upbit.ro\/wp-content\/uploads\/2020\/10\/Babor-Relaxing.png\" \/>\n\t<meta property=\"og:image:width\" content=\"300\" \/>\n\t<meta property=\"og:image:height\" content=\"300\" \/>\n\t<meta property=\"og:image:type\" content=\"image\/png\" \/>\n<meta name=\"twitter:card\" content=\"summary_large_image\" \/>\n<meta name=\"twitter:label1\" content=\"Timp estimat pentru citire\" \/>\n\t<meta name=\"twitter:data1\" content=\"2 minute\" \/>\n<script type=\"application\/ld+json\" class=\"yoast-schema-graph\">{\"@context\":\"https:\/\/schema.org\",\"@graph\":[{\"@type\":\"WebPage\",\"@id\":\"https:\/\/luxuryspacluj.upbit.ro\/produs\/spa-detox-shaping-ritual\/\",\"url\":\"https:\/\/luxuryspacluj.upbit.ro\/produs\/spa-detox-shaping-ritual\/\",\"name\":\"SPA DETOX & SHAPING RITUAL - Luxury Spa Cluj Napoca\",\"isPartOf\":{\"@id\":\"https:\/\/luxuryspacluj.upbit.ro\/#website\"},\"primaryImageOfPage\":{\"@id\":\"https:\/\/luxuryspacluj.upbit.ro\/produs\/spa-detox-shaping-ritual\/#primaryimage\"},\"image\":{\"@id\":\"https:\/\/luxuryspacluj.upbit.ro\/produs\/spa-detox-shaping-ritual\/#primaryimage\"},\"thumbnailUrl\":\"https:\/\/luxuryspacluj.upbit.ro\/wp-content\/uploads\/2020\/10\/Babor-Relaxing.png\",\"datePublished\":\"2024-12-10T12:27:13+00:00\",\"dateModified\":\"2024-12-10T12:30:54+00:00\",\"breadcrumb\":{\"@id\":\"https:\/\/luxuryspacluj.upbit.ro\/produs\/spa-detox-shaping-ritual\/#breadcrumb\"},\"inLanguage\":\"ro-RO\",\"potentialAction\":[{\"@type\":\"ReadAction\",\"target\":[\"https:\/\/luxuryspacluj.upbit.ro\/produs\/spa-detox-shaping-ritual\/\"]}]},{\"@type\":\"ImageObject\",\"inLanguage\":\"ro-RO\",\"@id\":\"https:\/\/luxuryspacluj.upbit.ro\/produs\/spa-detox-shaping-ritual\/#primaryimage\",\"url\":\"https:\/\/luxuryspacluj.upbit.ro\/wp-content\/uploads\/2020\/10\/Babor-Relaxing.png\",\"contentUrl\":\"https:\/\/luxuryspacluj.upbit.ro\/wp-content\/uploads\/2020\/10\/Babor-Relaxing.png\",\"width\":300,\"height\":300},{\"@type\":\"BreadcrumbList\",\"@id\":\"https:\/\/luxuryspacluj.upbit.ro\/produs\/spa-detox-shaping-ritual\/#breadcrumb\",\"itemListElement\":[{\"@type\":\"ListItem\",\"position\":1,\"name\":\"Home\",\"item\":\"https:\/\/luxuryspacluj.upbit.ro\/\"},{\"@type\":\"ListItem\",\"position\":2,\"name\":\"Shop\",\"item\":\"https:\/\/luxuryspacluj.upbit.ro\/?page_id=694\"},{\"@type\":\"ListItem\",\"position\":3,\"name\":\"SPA DETOX &#038; SHAPING RITUAL\"}]},{\"@type\":\"WebSite\",\"@id\":\"https:\/\/luxuryspacluj.upbit.ro\/#website\",\"url\":\"https:\/\/luxuryspacluj.upbit.ro\/\",\"name\":\"Luxury Spa Cluj Napoca\",\"description\":\"Luxury Spa Cluj Napoca\",\"publisher\":{\"@id\":\"https:\/\/luxuryspacluj.upbit.ro\/#organization\"},\"potentialAction\":[{\"@type\":\"SearchAction\",\"target\":{\"@type\":\"EntryPoint\",\"urlTemplate\":\"https:\/\/luxuryspacluj.upbit.ro\/?s={search_term_string}\"},\"query-input\":{\"@type\":\"PropertyValueSpecification\",\"valueRequired\":true,\"valueName\":\"search_term_string\"}}],\"inLanguage\":\"ro-RO\"},{\"@type\":\"Organization\",\"@id\":\"https:\/\/luxuryspacluj.upbit.ro\/#organization\",\"name\":\"Luxury Spa Cluj\",\"url\":\"https:\/\/luxuryspacluj.upbit.ro\/\",\"logo\":{\"@type\":\"ImageObject\",\"inLanguage\":\"ro-RO\",\"@id\":\"https:\/\/luxuryspacluj.upbit.ro\/#\/schema\/logo\/image\/\",\"url\":\"https:\/\/luxuryspacluj.upbit.ro\/wp-content\/uploads\/2019\/07\/LOGO.png\",\"contentUrl\":\"https:\/\/luxuryspacluj.upbit.ro\/wp-content\/uploads\/2019\/07\/LOGO.png\",\"width\":260,\"height\":249,\"caption\":\"Luxury Spa Cluj\"},\"image\":{\"@id\":\"https:\/\/luxuryspacluj.upbit.ro\/#\/schema\/logo\/image\/\"},\"sameAs\":[\"https:\/\/www.facebook.com\/LuxurySpaCluj\/\"]}]}<\/script>\n<!-- \/ Yoast SEO plugin. -->","yoast_head_json":{"title":"SPA DETOX & SHAPING RITUAL - Luxury Spa Cluj Napoca","robots":{"index":"index","follow":"follow","max-snippet":"max-snippet:-1","max-image-preview":"max-image-preview:large","max-video-preview":"max-video-preview:-1"},"canonical":"https:\/\/luxuryspacluj.upbit.ro\/produs\/spa-detox-shaping-ritual\/","og_locale":"ro_RO","og_type":"article","og_title":"SPA DETOX & SHAPING RITUAL - Luxury Spa Cluj Napoca","og_description":"Durat\u0103: 120 min","og_url":"https:\/\/luxuryspacluj.upbit.ro\/produs\/spa-detox-shaping-ritual\/","og_site_name":"Luxury Spa Cluj Napoca","article_publisher":"https:\/\/www.facebook.com\/LuxurySpaCluj\/","article_modified_time":"2024-12-10T12:30:54+00:00","og_image":[{"width":300,"height":300,"url":"https:\/\/luxuryspacluj.upbit.ro\/wp-content\/uploads\/2020\/10\/Babor-Relaxing.png","type":"image\/png"}],"twitter_card":"summary_large_image","twitter_misc":{"Timp estimat pentru citire":"2 minute"},"schema":{"@context":"https:\/\/schema.org","@graph":[{"@type":"WebPage","@id":"https:\/\/luxuryspacluj.upbit.ro\/produs\/spa-detox-shaping-ritual\/","url":"https:\/\/luxuryspacluj.upbit.ro\/produs\/spa-detox-shaping-ritual\/","name":"SPA DETOX & SHAPING RITUAL - Luxury Spa Cluj Napoca","isPartOf":{"@id":"https:\/\/luxuryspacluj.upbit.ro\/#website"},"primaryImageOfPage":{"@id":"https:\/\/luxuryspacluj.upbit.ro\/produs\/spa-detox-shaping-ritual\/#primaryimage"},"image":{"@id":"https:\/\/luxuryspacluj.upbit.ro\/produs\/spa-detox-shaping-ritual\/#primaryimage"},"thumbnailUrl":"https:\/\/luxuryspacluj.upbit.ro\/wp-content\/uploads\/2020\/10\/Babor-Relaxing.png","datePublished":"2024-12-10T12:27:13+00:00","dateModified":"2024-12-10T12:30:54+00:00","breadcrumb":{"@id":"https:\/\/luxuryspacluj.upbit.ro\/produs\/spa-detox-shaping-ritual\/#breadcrumb"},"inLanguage":"ro-RO","potentialAction":[{"@type":"ReadAction","target":["https:\/\/luxuryspacluj.upbit.ro\/produs\/spa-detox-shaping-ritual\/"]}]},{"@type":"ImageObject","inLanguage":"ro-RO","@id":"https:\/\/luxuryspacluj.upbit.ro\/produs\/spa-detox-shaping-ritual\/#primaryimage","url":"https:\/\/luxuryspacluj.upbit.ro\/wp-content\/uploads\/2020\/10\/Babor-Relaxing.png","contentUrl":"https:\/\/luxuryspacluj.upbit.ro\/wp-content\/uploads\/2020\/10\/Babor-Relaxing.png","width":300,"height":300},{"@type":"BreadcrumbList","@id":"https:\/\/luxuryspacluj.upbit.ro\/produs\/spa-detox-shaping-ritual\/#breadcrumb","itemListElement":[{"@type":"ListItem","position":1,"name":"Home","item":"https:\/\/luxuryspacluj.upbit.ro\/"},{"@type":"ListItem","position":2,"name":"Shop","item":"https:\/\/luxuryspacluj.upbit.ro\/?page_id=694"},{"@type":"ListItem","position":3,"name":"SPA DETOX &#038; SHAPING RITUAL"}]},{"@type":"WebSite","@id":"https:\/\/luxuryspacluj.upbit.ro\/#website","url":"https:\/\/luxuryspacluj.upbit.ro\/","name":"Luxury Spa Cluj Napoca","description":"Luxury Spa Cluj Napoca","publisher":{"@id":"https:\/\/luxuryspacluj.upbit.ro\/#organization"},"potentialAction":[{"@type":"SearchAction","target":{"@type":"EntryPoint","urlTemplate":"https:\/\/luxuryspacluj.upbit.ro\/?s={search_term_string}"},"query-input":{"@type":"PropertyValueSpecification","valueRequired":true,"valueName":"search_term_string"}}],"inLanguage":"ro-RO"},{"@type":"Organization","@id":"https:\/\/luxuryspacluj.upbit.ro\/#organization","name":"Luxury Spa Cluj","url":"https:\/\/luxuryspacluj.upbit.ro\/","logo":{"@type":"ImageObject","inLanguage":"ro-RO","@id":"https:\/\/luxuryspacluj.upbit.ro\/#\/schema\/logo\/image\/","url":"https:\/\/luxuryspacluj.upbit.ro\/wp-content\/uploads\/2019\/07\/LOGO.png","contentUrl":"https:\/\/luxuryspacluj.upbit.ro\/wp-content\/uploads\/2019\/07\/LOGO.png","width":260,"height":249,"caption":"Luxury Spa Cluj"},"image":{"@id":"https:\/\/luxuryspacluj.upbit.ro\/#\/schema\/logo\/image\/"},"sameAs":["https:\/\/www.facebook.com\/LuxurySpaCluj\/"]}]}},"_links":{"self":[{"href":"https:\/\/luxuryspacluj.upbit.ro\/index.php?rest_route=\/wp\/v2\/product\/17614","targetHints":{"allow":["GET"]}}],"collection":[{"href":"https:\/\/luxuryspacluj.upbit.ro\/index.php?rest_route=\/wp\/v2\/product"}],"about":[{"href":"https:\/\/luxuryspacluj.upbit.ro\/index.php?rest_route=\/wp\/v2\/types\/product"}],"replies":[{"embeddable":true,"href":"https:\/\/luxuryspacluj.upbit.ro\/index.php?rest_route=%2Fwp%2Fv2%2Fcomments&post=17614"}],"wp:featuredmedia":[{"embeddable":true,"href":"https:\/\/luxuryspacluj.upbit.ro\/index.php?rest_route=\/wp\/v2\/media\/682"}],"wp:attachment":[{"href":"https:\/\/luxuryspacluj.upbit.ro\/index.php?rest_route=%2Fwp%2Fv2%2Fmedia&parent=17614"}],"wp:term":[{"taxonomy":"product_cat","embeddable":true,"href":"https:\/\/luxuryspacluj.upbit.ro\/index.php?rest_route=%2Fwp%2Fv2%2Fproduct_cat&post=17614"},{"taxonomy":"product_tag","embeddable":true,"href":"https:\/\/luxuryspacluj.upbit.ro\/index.php?rest_route=%2Fwp%2Fv2%2Fproduct_tag&post=17614"}],"curies":[{"name":"wp","href":"https:\/\/api.w.org\/{rel}","templated":true}]}}