{"id":17615,"date":"2024-12-10T14:29:04","date_gmt":"2024-12-10T12:29:04","guid":{"rendered":"https:\/\/luxuryspacluj.upbit.ro\/?post_type=product&#038;p=17615"},"modified":"2024-12-10T14:30:34","modified_gmt":"2024-12-10T12:30:34","slug":"spa-relax-balancing-ritual","status":"publish","type":"product","link":"https:\/\/luxuryspacluj.upbit.ro\/?product=spa-relax-balancing-ritual","title":{"rendered":"SPA RELAX &#038; BALANCING RITUAL"},"content":{"rendered":"<p>CALMARE. CATIFELARE. RELAXARE &#8211; SPA RELAXING AND BALANCING \u00ee\u021bi desfat\u0103 \u021besuturile at\u00e2t cele de suprafa\u021b\u0103 c\u00e2t \u0219i cele profunde pentru a \u00ee\u021bi oferi o relaxare deplin\u0103. Acest tratament profund relaxant, dar echilibrant \u00een acela\u0219i timp, implic\u0103 un melanj de tehnici \u0219i proceduri \u00een care vei beneficia de exfoliere complet\u0103 a corpului, urmat\u0103 de aplicarea unei m\u0103\u0219ti de hidratare corporal\u0103 timp \u00een care scalpul t\u0103u va fi detensionat prin mi\u0219c\u0103ri fluide de masaj \u0219i terapie de trigger points pentru a echilibra sistemul nervos \u0219i a stimula eliberarea toxinelor din \u021besuturi profunde, tehnici de relaxare profund\u0103, aplicarea unei creme specifice pe tot corpul t\u0103u, pentru ca la final corpul t\u0103u s\u0103 se simt\u0103 mult mai u\u0219or, relaxat \u0219i echilibrat. Parfumul floral delicat te va \u00eenvalui \u00eentr-o senza\u021bie de bun\u0103stare, permi\u021b\u00e2ndu-\u021bi s\u0103 te deconectezi \u0219i s\u0103 te relaxezi \u00een cel mai pl\u0103cut mod posibil. Un ritual profund relaxant, creat pentru relaxarea profund\u0103 \u0219i resetarea \u00eentregului organism, care las\u0103 mintea, corpul si spiritul echilibrate. O senza\u021bie de relaxare, combinat\u0103 cu bucuria de a avea o piele str\u0103lucitoare, neted\u0103, moale \u0219i supl\u0103 \u00ee\u021bi va da un sentiment de restaurare complet\u0103. Tehnicile de relaxare aplicate cu dedicare \u0219i des\u0103v\u00e2r\u0219ire de terapeuta, ce se va ocupa special de dumneavoastr\u0103, vin s\u0103 sus\u021bin\u0103 relaxarea pe toate corpurile, aduc\u00e2nd un reset \u0219i deconectarea de la stresul cotidian. Ce presupune acest tratament corporal: esen\u021b\u0103 relax corp, peeling corporal, masc\u0103 corporal\u0103, masaj relax&amp;aromaterapie(1 or\u0103), crem\u0103 corporal\u0103 de final pentru relaxare<\/p>\n","protected":false},"excerpt":{"rendered":"<p><strong>Durat\u0103: 120 min<\/strong><\/p>\n","protected":false},"featured_media":16037,"comment_status":"open","ping_status":"closed","template":"","meta":[],"product_cat":[33],"product_tag":[],"class_list":{"0":"post-17615","1":"product","2":"type-product","3":"status-publish","4":"has-post-thumbnail","6":"product_cat-gift-card","8":"first","9":"instock","10":"downloadable","11":"virtual","12":"purchasable","13":"product-type-simple"},"yoast_head":"<!-- This site is optimized with the Yoast SEO plugin v24.0 - https:\/\/yoast.com\/wordpress\/plugins\/seo\/ -->\n<title>SPA RELAX &amp; BALANCING RITUAL - Luxury Spa Cluj Napoca<\/title>\n<meta name=\"robots\" content=\"index, follow, max-snippet:-1, max-image-preview:large, max-video-preview:-1\" \/>\n<link rel=\"canonical\" href=\"https:\/\/luxuryspacluj.upbit.ro\/produs\/spa-relax-balancing-ritual\/\" \/>\n<meta property=\"og:locale\" content=\"ro_RO\" \/>\n<meta property=\"og:type\" content=\"article\" \/>\n<meta property=\"og:title\" content=\"SPA RELAX &amp; BALANCING RITUAL - Luxury Spa Cluj Napoca\" \/>\n<meta property=\"og:description\" content=\"Durat\u0103: 120 min\" \/>\n<meta property=\"og:url\" content=\"https:\/\/luxuryspacluj.upbit.ro\/produs\/spa-relax-balancing-ritual\/\" \/>\n<meta property=\"og:site_name\" content=\"Luxury Spa Cluj Napoca\" \/>\n<meta property=\"article:publisher\" content=\"https:\/\/www.facebook.com\/LuxurySpaCluj\/\" \/>\n<meta property=\"article:modified_time\" content=\"2024-12-10T12:30:34+00:00\" \/>\n<meta property=\"og:image\" content=\"https:\/\/luxuryspacluj.upbit.ro\/wp-content\/uploads\/2024\/07\/SPA-RELAX-BALANCING-RITUAL.jpg\" \/>\n\t<meta property=\"og:image:width\" content=\"300\" \/>\n\t<meta property=\"og:image:height\" content=\"300\" \/>\n\t<meta property=\"og:image:type\" content=\"image\/jpeg\" \/>\n<meta name=\"twitter:card\" content=\"summary_large_image\" \/>\n<meta name=\"twitter:label1\" content=\"Timp estimat pentru citire\" \/>\n\t<meta name=\"twitter:data1\" content=\"2 minute\" \/>\n<script type=\"application\/ld+json\" class=\"yoast-schema-graph\">{\"@context\":\"https:\/\/schema.org\",\"@graph\":[{\"@type\":\"WebPage\",\"@id\":\"https:\/\/luxuryspacluj.upbit.ro\/produs\/spa-relax-balancing-ritual\/\",\"url\":\"https:\/\/luxuryspacluj.upbit.ro\/produs\/spa-relax-balancing-ritual\/\",\"name\":\"SPA RELAX & BALANCING RITUAL - Luxury Spa Cluj Napoca\",\"isPartOf\":{\"@id\":\"https:\/\/luxuryspacluj.upbit.ro\/#website\"},\"primaryImageOfPage\":{\"@id\":\"https:\/\/luxuryspacluj.upbit.ro\/produs\/spa-relax-balancing-ritual\/#primaryimage\"},\"image\":{\"@id\":\"https:\/\/luxuryspacluj.upbit.ro\/produs\/spa-relax-balancing-ritual\/#primaryimage\"},\"thumbnailUrl\":\"https:\/\/luxuryspacluj.upbit.ro\/wp-content\/uploads\/2024\/07\/SPA-RELAX-BALANCING-RITUAL.jpg\",\"datePublished\":\"2024-12-10T12:29:04+00:00\",\"dateModified\":\"2024-12-10T12:30:34+00:00\",\"breadcrumb\":{\"@id\":\"https:\/\/luxuryspacluj.upbit.ro\/produs\/spa-relax-balancing-ritual\/#breadcrumb\"},\"inLanguage\":\"ro-RO\",\"potentialAction\":[{\"@type\":\"ReadAction\",\"target\":[\"https:\/\/luxuryspacluj.upbit.ro\/produs\/spa-relax-balancing-ritual\/\"]}]},{\"@type\":\"ImageObject\",\"inLanguage\":\"ro-RO\",\"@id\":\"https:\/\/luxuryspacluj.upbit.ro\/produs\/spa-relax-balancing-ritual\/#primaryimage\",\"url\":\"https:\/\/luxuryspacluj.upbit.ro\/wp-content\/uploads\/2024\/07\/SPA-RELAX-BALANCING-RITUAL.jpg\",\"contentUrl\":\"https:\/\/luxuryspacluj.upbit.ro\/wp-content\/uploads\/2024\/07\/SPA-RELAX-BALANCING-RITUAL.jpg\",\"width\":300,\"height\":300},{\"@type\":\"BreadcrumbList\",\"@id\":\"https:\/\/luxuryspacluj.upbit.ro\/produs\/spa-relax-balancing-ritual\/#breadcrumb\",\"itemListElement\":[{\"@type\":\"ListItem\",\"position\":1,\"name\":\"Home\",\"item\":\"https:\/\/luxuryspacluj.upbit.ro\/\"},{\"@type\":\"ListItem\",\"position\":2,\"name\":\"Shop\",\"item\":\"https:\/\/luxuryspacluj.upbit.ro\/?page_id=694\"},{\"@type\":\"ListItem\",\"position\":3,\"name\":\"SPA RELAX &#038; BALANCING RITUAL\"}]},{\"@type\":\"WebSite\",\"@id\":\"https:\/\/luxuryspacluj.upbit.ro\/#website\",\"url\":\"https:\/\/luxuryspacluj.upbit.ro\/\",\"name\":\"Luxury Spa Cluj Napoca\",\"description\":\"Luxury Spa Cluj Napoca\",\"publisher\":{\"@id\":\"https:\/\/luxuryspacluj.upbit.ro\/#organization\"},\"potentialAction\":[{\"@type\":\"SearchAction\",\"target\":{\"@type\":\"EntryPoint\",\"urlTemplate\":\"https:\/\/luxuryspacluj.upbit.ro\/?s={search_term_string}\"},\"query-input\":{\"@type\":\"PropertyValueSpecification\",\"valueRequired\":true,\"valueName\":\"search_term_string\"}}],\"inLanguage\":\"ro-RO\"},{\"@type\":\"Organization\",\"@id\":\"https:\/\/luxuryspacluj.upbit.ro\/#organization\",\"name\":\"Luxury Spa Cluj\",\"url\":\"https:\/\/luxuryspacluj.upbit.ro\/\",\"logo\":{\"@type\":\"ImageObject\",\"inLanguage\":\"ro-RO\",\"@id\":\"https:\/\/luxuryspacluj.upbit.ro\/#\/schema\/logo\/image\/\",\"url\":\"https:\/\/luxuryspacluj.upbit.ro\/wp-content\/uploads\/2019\/07\/LOGO.png\",\"contentUrl\":\"https:\/\/luxuryspacluj.upbit.ro\/wp-content\/uploads\/2019\/07\/LOGO.png\",\"width\":260,\"height\":249,\"caption\":\"Luxury Spa Cluj\"},\"image\":{\"@id\":\"https:\/\/luxuryspacluj.upbit.ro\/#\/schema\/logo\/image\/\"},\"sameAs\":[\"https:\/\/www.facebook.com\/LuxurySpaCluj\/\"]}]}<\/script>\n<!-- \/ Yoast SEO plugin. -->","yoast_head_json":{"title":"SPA RELAX & BALANCING RITUAL - Luxury Spa Cluj Napoca","robots":{"index":"index","follow":"follow","max-snippet":"max-snippet:-1","max-image-preview":"max-image-preview:large","max-video-preview":"max-video-preview:-1"},"canonical":"https:\/\/luxuryspacluj.upbit.ro\/produs\/spa-relax-balancing-ritual\/","og_locale":"ro_RO","og_type":"article","og_title":"SPA RELAX & BALANCING RITUAL - Luxury Spa Cluj Napoca","og_description":"Durat\u0103: 120 min","og_url":"https:\/\/luxuryspacluj.upbit.ro\/produs\/spa-relax-balancing-ritual\/","og_site_name":"Luxury Spa Cluj Napoca","article_publisher":"https:\/\/www.facebook.com\/LuxurySpaCluj\/","article_modified_time":"2024-12-10T12:30:34+00:00","og_image":[{"width":300,"height":300,"url":"https:\/\/luxuryspacluj.upbit.ro\/wp-content\/uploads\/2024\/07\/SPA-RELAX-BALANCING-RITUAL.jpg","type":"image\/jpeg"}],"twitter_card":"summary_large_image","twitter_misc":{"Timp estimat pentru citire":"2 minute"},"schema":{"@context":"https:\/\/schema.org","@graph":[{"@type":"WebPage","@id":"https:\/\/luxuryspacluj.upbit.ro\/produs\/spa-relax-balancing-ritual\/","url":"https:\/\/luxuryspacluj.upbit.ro\/produs\/spa-relax-balancing-ritual\/","name":"SPA RELAX & BALANCING RITUAL - Luxury Spa Cluj Napoca","isPartOf":{"@id":"https:\/\/luxuryspacluj.upbit.ro\/#website"},"primaryImageOfPage":{"@id":"https:\/\/luxuryspacluj.upbit.ro\/produs\/spa-relax-balancing-ritual\/#primaryimage"},"image":{"@id":"https:\/\/luxuryspacluj.upbit.ro\/produs\/spa-relax-balancing-ritual\/#primaryimage"},"thumbnailUrl":"https:\/\/luxuryspacluj.upbit.ro\/wp-content\/uploads\/2024\/07\/SPA-RELAX-BALANCING-RITUAL.jpg","datePublished":"2024-12-10T12:29:04+00:00","dateModified":"2024-12-10T12:30:34+00:00","breadcrumb":{"@id":"https:\/\/luxuryspacluj.upbit.ro\/produs\/spa-relax-balancing-ritual\/#breadcrumb"},"inLanguage":"ro-RO","potentialAction":[{"@type":"ReadAction","target":["https:\/\/luxuryspacluj.upbit.ro\/produs\/spa-relax-balancing-ritual\/"]}]},{"@type":"ImageObject","inLanguage":"ro-RO","@id":"https:\/\/luxuryspacluj.upbit.ro\/produs\/spa-relax-balancing-ritual\/#primaryimage","url":"https:\/\/luxuryspacluj.upbit.ro\/wp-content\/uploads\/2024\/07\/SPA-RELAX-BALANCING-RITUAL.jpg","contentUrl":"https:\/\/luxuryspacluj.upbit.ro\/wp-content\/uploads\/2024\/07\/SPA-RELAX-BALANCING-RITUAL.jpg","width":300,"height":300},{"@type":"BreadcrumbList","@id":"https:\/\/luxuryspacluj.upbit.ro\/produs\/spa-relax-balancing-ritual\/#breadcrumb","itemListElement":[{"@type":"ListItem","position":1,"name":"Home","item":"https:\/\/luxuryspacluj.upbit.ro\/"},{"@type":"ListItem","position":2,"name":"Shop","item":"https:\/\/luxuryspacluj.upbit.ro\/?page_id=694"},{"@type":"ListItem","position":3,"name":"SPA RELAX &#038; BALANCING RITUAL"}]},{"@type":"WebSite","@id":"https:\/\/luxuryspacluj.upbit.ro\/#website","url":"https:\/\/luxuryspacluj.upbit.ro\/","name":"Luxury Spa Cluj Napoca","description":"Luxury Spa Cluj Napoca","publisher":{"@id":"https:\/\/luxuryspacluj.upbit.ro\/#organization"},"potentialAction":[{"@type":"SearchAction","target":{"@type":"EntryPoint","urlTemplate":"https:\/\/luxuryspacluj.upbit.ro\/?s={search_term_string}"},"query-input":{"@type":"PropertyValueSpecification","valueRequired":true,"valueName":"search_term_string"}}],"inLanguage":"ro-RO"},{"@type":"Organization","@id":"https:\/\/luxuryspacluj.upbit.ro\/#organization","name":"Luxury Spa Cluj","url":"https:\/\/luxuryspacluj.upbit.ro\/","logo":{"@type":"ImageObject","inLanguage":"ro-RO","@id":"https:\/\/luxuryspacluj.upbit.ro\/#\/schema\/logo\/image\/","url":"https:\/\/luxuryspacluj.upbit.ro\/wp-content\/uploads\/2019\/07\/LOGO.png","contentUrl":"https:\/\/luxuryspacluj.upbit.ro\/wp-content\/uploads\/2019\/07\/LOGO.png","width":260,"height":249,"caption":"Luxury Spa Cluj"},"image":{"@id":"https:\/\/luxuryspacluj.upbit.ro\/#\/schema\/logo\/image\/"},"sameAs":["https:\/\/www.facebook.com\/LuxurySpaCluj\/"]}]}},"_links":{"self":[{"href":"https:\/\/luxuryspacluj.upbit.ro\/index.php?rest_route=\/wp\/v2\/product\/17615","targetHints":{"allow":["GET"]}}],"collection":[{"href":"https:\/\/luxuryspacluj.upbit.ro\/index.php?rest_route=\/wp\/v2\/product"}],"about":[{"href":"https:\/\/luxuryspacluj.upbit.ro\/index.php?rest_route=\/wp\/v2\/types\/product"}],"replies":[{"embeddable":true,"href":"https:\/\/luxuryspacluj.upbit.ro\/index.php?rest_route=%2Fwp%2Fv2%2Fcomments&post=17615"}],"wp:featuredmedia":[{"embeddable":true,"href":"https:\/\/luxuryspacluj.upbit.ro\/index.php?rest_route=\/wp\/v2\/media\/16037"}],"wp:attachment":[{"href":"https:\/\/luxuryspacluj.upbit.ro\/index.php?rest_route=%2Fwp%2Fv2%2Fmedia&parent=17615"}],"wp:term":[{"taxonomy":"product_cat","embeddable":true,"href":"https:\/\/luxuryspacluj.upbit.ro\/index.php?rest_route=%2Fwp%2Fv2%2Fproduct_cat&post=17615"},{"taxonomy":"product_tag","embeddable":true,"href":"https:\/\/luxuryspacluj.upbit.ro\/index.php?rest_route=%2Fwp%2Fv2%2Fproduct_tag&post=17615"}],"curies":[{"name":"wp","href":"https:\/\/api.w.org\/{rel}","templated":true}]}}