{"id":705,"date":"2020-11-23T12:20:34","date_gmt":"2020-11-23T10:20:34","guid":{"rendered":"https:\/\/luxuryspacluj.upbit.ro\/?post_type=product&#038;p=705"},"modified":"2022-11-08T17:07:50","modified_gmt":"2022-11-08T15:07:50","slug":"balancer-cream-c-s-m-enriched","status":"publish","type":"product","link":"https:\/\/luxuryspacluj.upbit.ro\/?product=balancer-cream-c-s-m-enriched","title":{"rendered":"Balancer Cream C.S.M. Enriched"},"content":{"rendered":"<p><em>Mod de Utilizare:<\/em>\u00a0Se aplic\u0103 zilnic, diminea\u0163a \u015fi seara combinat cu\u00a0<strong>balancer serum<\/strong>.\u00a0\u00cen caz de rozacee:\u00a0 se folose\u015fte\u00a0<strong>balancer cream<\/strong>\u00a0ca o crem\u0103 de zi combinat cu\u00a0<strong>couperose serum.<\/strong><\/p>\n","protected":false},"excerpt":{"rendered":"<p>Uleiuri vegetale speciale, extracte din r\u0103d\u0103cini \u015fi minerale ajut\u0103 la formarea stratului acid natural de protec\u0163ie \u015fi ajut\u0103 la echilibrarea rela\u0163iei dintre grasimi \u015fi umiditatea pielii. Datorit\u0103 cell supporting molecules, balancer cream asigur\u0103 pielii grase, cu pori dilata\u0163i toate avantajele unui tratament anti aging<\/p>\n","protected":false},"featured_media":706,"comment_status":"open","ping_status":"closed","template":"","meta":[],"product_cat":[29],"product_tag":[],"class_list":{"0":"post-705","1":"product","2":"type-product","3":"status-publish","4":"has-post-thumbnail","6":"product_cat-estetica-faciala","8":"first","9":"instock","10":"shipping-taxable","11":"purchasable","12":"product-type-simple"},"yoast_head":"<!-- This site is optimized with the Yoast SEO plugin v24.0 - https:\/\/yoast.com\/wordpress\/plugins\/seo\/ -->\n<title>Balancer Cream C.S.M. Enriched - Luxury Spa Cluj Napoca<\/title>\n<meta name=\"robots\" content=\"index, follow, max-snippet:-1, max-image-preview:large, max-video-preview:-1\" \/>\n<link rel=\"canonical\" href=\"https:\/\/luxuryspacluj.upbit.ro\/produs\/balancer-cream-c-s-m-enriched\/\" \/>\n<meta property=\"og:locale\" content=\"ro_RO\" \/>\n<meta property=\"og:type\" content=\"article\" \/>\n<meta property=\"og:title\" content=\"Balancer Cream C.S.M. Enriched - Luxury Spa Cluj Napoca\" \/>\n<meta property=\"og:description\" content=\"Uleiuri vegetale speciale, extracte din r\u0103d\u0103cini \u015fi minerale ajut\u0103 la formarea stratului acid natural de protec\u0163ie \u015fi ajut\u0103 la echilibrarea rela\u0163iei dintre grasimi \u015fi umiditatea pielii. Datorit\u0103 cell supporting molecules, balancer cream asigur\u0103 pielii grase, cu pori dilata\u0163i toate avantajele unui tratament anti aging\" \/>\n<meta property=\"og:url\" content=\"https:\/\/luxuryspacluj.upbit.ro\/produs\/balancer-cream-c-s-m-enriched\/\" \/>\n<meta property=\"og:site_name\" content=\"Luxury Spa Cluj Napoca\" \/>\n<meta property=\"article:publisher\" content=\"https:\/\/www.facebook.com\/LuxurySpaCluj\/\" \/>\n<meta property=\"article:modified_time\" content=\"2022-11-08T15:07:50+00:00\" \/>\n<meta property=\"og:image\" content=\"https:\/\/luxuryspacluj.upbit.ro\/wp-content\/uploads\/2020\/11\/24_7_balancercream_fg.png\" \/>\n\t<meta property=\"og:image:width\" content=\"1200\" \/>\n\t<meta property=\"og:image:height\" content=\"800\" \/>\n\t<meta property=\"og:image:type\" content=\"image\/png\" \/>\n<meta name=\"twitter:card\" content=\"summary_large_image\" \/>\n<script type=\"application\/ld+json\" class=\"yoast-schema-graph\">{\"@context\":\"https:\/\/schema.org\",\"@graph\":[{\"@type\":\"WebPage\",\"@id\":\"https:\/\/luxuryspacluj.upbit.ro\/produs\/balancer-cream-c-s-m-enriched\/\",\"url\":\"https:\/\/luxuryspacluj.upbit.ro\/produs\/balancer-cream-c-s-m-enriched\/\",\"name\":\"Balancer Cream C.S.M. Enriched - Luxury Spa Cluj Napoca\",\"isPartOf\":{\"@id\":\"https:\/\/luxuryspacluj.upbit.ro\/#website\"},\"primaryImageOfPage\":{\"@id\":\"https:\/\/luxuryspacluj.upbit.ro\/produs\/balancer-cream-c-s-m-enriched\/#primaryimage\"},\"image\":{\"@id\":\"https:\/\/luxuryspacluj.upbit.ro\/produs\/balancer-cream-c-s-m-enriched\/#primaryimage\"},\"thumbnailUrl\":\"https:\/\/luxuryspacluj.upbit.ro\/wp-content\/uploads\/2020\/11\/24_7_balancercream_fg.png\",\"datePublished\":\"2020-11-23T10:20:34+00:00\",\"dateModified\":\"2022-11-08T15:07:50+00:00\",\"breadcrumb\":{\"@id\":\"https:\/\/luxuryspacluj.upbit.ro\/produs\/balancer-cream-c-s-m-enriched\/#breadcrumb\"},\"inLanguage\":\"ro-RO\",\"potentialAction\":[{\"@type\":\"ReadAction\",\"target\":[\"https:\/\/luxuryspacluj.upbit.ro\/produs\/balancer-cream-c-s-m-enriched\/\"]}]},{\"@type\":\"ImageObject\",\"inLanguage\":\"ro-RO\",\"@id\":\"https:\/\/luxuryspacluj.upbit.ro\/produs\/balancer-cream-c-s-m-enriched\/#primaryimage\",\"url\":\"https:\/\/luxuryspacluj.upbit.ro\/wp-content\/uploads\/2020\/11\/24_7_balancercream_fg.png\",\"contentUrl\":\"https:\/\/luxuryspacluj.upbit.ro\/wp-content\/uploads\/2020\/11\/24_7_balancercream_fg.png\",\"width\":1200,\"height\":800},{\"@type\":\"BreadcrumbList\",\"@id\":\"https:\/\/luxuryspacluj.upbit.ro\/produs\/balancer-cream-c-s-m-enriched\/#breadcrumb\",\"itemListElement\":[{\"@type\":\"ListItem\",\"position\":1,\"name\":\"Home\",\"item\":\"https:\/\/luxuryspacluj.upbit.ro\/\"},{\"@type\":\"ListItem\",\"position\":2,\"name\":\"Shop\",\"item\":\"https:\/\/luxuryspacluj.upbit.ro\/?page_id=694\"},{\"@type\":\"ListItem\",\"position\":3,\"name\":\"Balancer Cream C.S.M. Enriched\"}]},{\"@type\":\"WebSite\",\"@id\":\"https:\/\/luxuryspacluj.upbit.ro\/#website\",\"url\":\"https:\/\/luxuryspacluj.upbit.ro\/\",\"name\":\"Luxury Spa Cluj Napoca\",\"description\":\"Luxury Spa Cluj Napoca\",\"publisher\":{\"@id\":\"https:\/\/luxuryspacluj.upbit.ro\/#organization\"},\"potentialAction\":[{\"@type\":\"SearchAction\",\"target\":{\"@type\":\"EntryPoint\",\"urlTemplate\":\"https:\/\/luxuryspacluj.upbit.ro\/?s={search_term_string}\"},\"query-input\":{\"@type\":\"PropertyValueSpecification\",\"valueRequired\":true,\"valueName\":\"search_term_string\"}}],\"inLanguage\":\"ro-RO\"},{\"@type\":\"Organization\",\"@id\":\"https:\/\/luxuryspacluj.upbit.ro\/#organization\",\"name\":\"Luxury Spa Cluj\",\"url\":\"https:\/\/luxuryspacluj.upbit.ro\/\",\"logo\":{\"@type\":\"ImageObject\",\"inLanguage\":\"ro-RO\",\"@id\":\"https:\/\/luxuryspacluj.upbit.ro\/#\/schema\/logo\/image\/\",\"url\":\"https:\/\/luxuryspacluj.upbit.ro\/wp-content\/uploads\/2019\/07\/LOGO.png\",\"contentUrl\":\"https:\/\/luxuryspacluj.upbit.ro\/wp-content\/uploads\/2019\/07\/LOGO.png\",\"width\":260,\"height\":249,\"caption\":\"Luxury Spa Cluj\"},\"image\":{\"@id\":\"https:\/\/luxuryspacluj.upbit.ro\/#\/schema\/logo\/image\/\"},\"sameAs\":[\"https:\/\/www.facebook.com\/LuxurySpaCluj\/\"]}]}<\/script>\n<!-- \/ Yoast SEO plugin. -->","yoast_head_json":{"title":"Balancer Cream C.S.M. Enriched - Luxury Spa Cluj Napoca","robots":{"index":"index","follow":"follow","max-snippet":"max-snippet:-1","max-image-preview":"max-image-preview:large","max-video-preview":"max-video-preview:-1"},"canonical":"https:\/\/luxuryspacluj.upbit.ro\/produs\/balancer-cream-c-s-m-enriched\/","og_locale":"ro_RO","og_type":"article","og_title":"Balancer Cream C.S.M. Enriched - Luxury Spa Cluj Napoca","og_description":"Uleiuri vegetale speciale, extracte din r\u0103d\u0103cini \u015fi minerale ajut\u0103 la formarea stratului acid natural de protec\u0163ie \u015fi ajut\u0103 la echilibrarea rela\u0163iei dintre grasimi \u015fi umiditatea pielii. Datorit\u0103 cell supporting molecules, balancer cream asigur\u0103 pielii grase, cu pori dilata\u0163i toate avantajele unui tratament anti aging","og_url":"https:\/\/luxuryspacluj.upbit.ro\/produs\/balancer-cream-c-s-m-enriched\/","og_site_name":"Luxury Spa Cluj Napoca","article_publisher":"https:\/\/www.facebook.com\/LuxurySpaCluj\/","article_modified_time":"2022-11-08T15:07:50+00:00","og_image":[{"width":1200,"height":800,"url":"https:\/\/luxuryspacluj.upbit.ro\/wp-content\/uploads\/2020\/11\/24_7_balancercream_fg.png","type":"image\/png"}],"twitter_card":"summary_large_image","schema":{"@context":"https:\/\/schema.org","@graph":[{"@type":"WebPage","@id":"https:\/\/luxuryspacluj.upbit.ro\/produs\/balancer-cream-c-s-m-enriched\/","url":"https:\/\/luxuryspacluj.upbit.ro\/produs\/balancer-cream-c-s-m-enriched\/","name":"Balancer Cream C.S.M. Enriched - Luxury Spa Cluj Napoca","isPartOf":{"@id":"https:\/\/luxuryspacluj.upbit.ro\/#website"},"primaryImageOfPage":{"@id":"https:\/\/luxuryspacluj.upbit.ro\/produs\/balancer-cream-c-s-m-enriched\/#primaryimage"},"image":{"@id":"https:\/\/luxuryspacluj.upbit.ro\/produs\/balancer-cream-c-s-m-enriched\/#primaryimage"},"thumbnailUrl":"https:\/\/luxuryspacluj.upbit.ro\/wp-content\/uploads\/2020\/11\/24_7_balancercream_fg.png","datePublished":"2020-11-23T10:20:34+00:00","dateModified":"2022-11-08T15:07:50+00:00","breadcrumb":{"@id":"https:\/\/luxuryspacluj.upbit.ro\/produs\/balancer-cream-c-s-m-enriched\/#breadcrumb"},"inLanguage":"ro-RO","potentialAction":[{"@type":"ReadAction","target":["https:\/\/luxuryspacluj.upbit.ro\/produs\/balancer-cream-c-s-m-enriched\/"]}]},{"@type":"ImageObject","inLanguage":"ro-RO","@id":"https:\/\/luxuryspacluj.upbit.ro\/produs\/balancer-cream-c-s-m-enriched\/#primaryimage","url":"https:\/\/luxuryspacluj.upbit.ro\/wp-content\/uploads\/2020\/11\/24_7_balancercream_fg.png","contentUrl":"https:\/\/luxuryspacluj.upbit.ro\/wp-content\/uploads\/2020\/11\/24_7_balancercream_fg.png","width":1200,"height":800},{"@type":"BreadcrumbList","@id":"https:\/\/luxuryspacluj.upbit.ro\/produs\/balancer-cream-c-s-m-enriched\/#breadcrumb","itemListElement":[{"@type":"ListItem","position":1,"name":"Home","item":"https:\/\/luxuryspacluj.upbit.ro\/"},{"@type":"ListItem","position":2,"name":"Shop","item":"https:\/\/luxuryspacluj.upbit.ro\/?page_id=694"},{"@type":"ListItem","position":3,"name":"Balancer Cream C.S.M. Enriched"}]},{"@type":"WebSite","@id":"https:\/\/luxuryspacluj.upbit.ro\/#website","url":"https:\/\/luxuryspacluj.upbit.ro\/","name":"Luxury Spa Cluj Napoca","description":"Luxury Spa Cluj Napoca","publisher":{"@id":"https:\/\/luxuryspacluj.upbit.ro\/#organization"},"potentialAction":[{"@type":"SearchAction","target":{"@type":"EntryPoint","urlTemplate":"https:\/\/luxuryspacluj.upbit.ro\/?s={search_term_string}"},"query-input":{"@type":"PropertyValueSpecification","valueRequired":true,"valueName":"search_term_string"}}],"inLanguage":"ro-RO"},{"@type":"Organization","@id":"https:\/\/luxuryspacluj.upbit.ro\/#organization","name":"Luxury Spa Cluj","url":"https:\/\/luxuryspacluj.upbit.ro\/","logo":{"@type":"ImageObject","inLanguage":"ro-RO","@id":"https:\/\/luxuryspacluj.upbit.ro\/#\/schema\/logo\/image\/","url":"https:\/\/luxuryspacluj.upbit.ro\/wp-content\/uploads\/2019\/07\/LOGO.png","contentUrl":"https:\/\/luxuryspacluj.upbit.ro\/wp-content\/uploads\/2019\/07\/LOGO.png","width":260,"height":249,"caption":"Luxury Spa Cluj"},"image":{"@id":"https:\/\/luxuryspacluj.upbit.ro\/#\/schema\/logo\/image\/"},"sameAs":["https:\/\/www.facebook.com\/LuxurySpaCluj\/"]}]}},"_links":{"self":[{"href":"https:\/\/luxuryspacluj.upbit.ro\/index.php?rest_route=\/wp\/v2\/product\/705","targetHints":{"allow":["GET"]}}],"collection":[{"href":"https:\/\/luxuryspacluj.upbit.ro\/index.php?rest_route=\/wp\/v2\/product"}],"about":[{"href":"https:\/\/luxuryspacluj.upbit.ro\/index.php?rest_route=\/wp\/v2\/types\/product"}],"replies":[{"embeddable":true,"href":"https:\/\/luxuryspacluj.upbit.ro\/index.php?rest_route=%2Fwp%2Fv2%2Fcomments&post=705"}],"wp:featuredmedia":[{"embeddable":true,"href":"https:\/\/luxuryspacluj.upbit.ro\/index.php?rest_route=\/wp\/v2\/media\/706"}],"wp:attachment":[{"href":"https:\/\/luxuryspacluj.upbit.ro\/index.php?rest_route=%2Fwp%2Fv2%2Fmedia&parent=705"}],"wp:term":[{"taxonomy":"product_cat","embeddable":true,"href":"https:\/\/luxuryspacluj.upbit.ro\/index.php?rest_route=%2Fwp%2Fv2%2Fproduct_cat&post=705"},{"taxonomy":"product_tag","embeddable":true,"href":"https:\/\/luxuryspacluj.upbit.ro\/index.php?rest_route=%2Fwp%2Fv2%2Fproduct_tag&post=705"}],"curies":[{"name":"wp","href":"https:\/\/api.w.org\/{rel}","templated":true}]}}