{"id":727,"date":"2020-11-23T12:37:55","date_gmt":"2020-11-23T10:37:55","guid":{"rendered":"https:\/\/luxuryspacluj.upbit.ro\/?post_type=product&#038;p=727"},"modified":"2022-11-08T17:07:09","modified_gmt":"2022-11-08T15:07:09","slug":"day-cream-c-s-m-enriched","status":"publish","type":"product","link":"https:\/\/luxuryspacluj.upbit.ro\/?product=day-cream-c-s-m-enriched","title":{"rendered":"Day Cream C.S.M. Enriched"},"content":{"rendered":"<p><em>Mod de utilizare<\/em>: Se aplic\u0103 pe pielea cur\u0103\u0163at\u0103 (fa\u0163\u0103, g\u00e2t \u015fi decolteu) \u015fi se maseaz\u0103 cu mi\u015fc\u0103ri usoare.<\/p>\n","protected":false},"excerpt":{"rendered":"<p>\u00cen timpul zilei pielea pierde mult\u0103 umiditate. Pielea uscat\u0103 prezint\u0103 riduri \u015fi arat\u0103 obosit\u0103. Consisten\u0163a de molecule fine a cremei de zi convinge imediat dup\u0103 aplicare. De\u015fi este absorbit\u0103 repede, asigur\u0103 timp \u00eendelungat umiditatea necesar\u0103 \u015fi protec\u0163ia fa\u0163\u0103 de radicalii liberi. Allantoin \u015fi extractele de drojdie sus\u0163in structura celular\u0103 a pielii. Combina\u0163ia substan\u0163elor active ajut\u0103 metabolismul natural al pielii, comb\u0103t\u00e2nd astfel uscarea din interior a pielii.<\/p>\n","protected":false},"featured_media":728,"comment_status":"open","ping_status":"closed","template":"","meta":[],"product_cat":[29],"product_tag":[],"class_list":{"0":"post-727","1":"product","2":"type-product","3":"status-publish","4":"has-post-thumbnail","6":"product_cat-estetica-faciala","8":"first","9":"instock","10":"shipping-taxable","11":"purchasable","12":"product-type-simple"},"yoast_head":"<!-- This site is optimized with the Yoast SEO plugin v24.0 - https:\/\/yoast.com\/wordpress\/plugins\/seo\/ -->\n<title>Day Cream C.S.M. Enriched - Luxury Spa Cluj Napoca<\/title>\n<meta name=\"robots\" content=\"index, follow, max-snippet:-1, max-image-preview:large, max-video-preview:-1\" \/>\n<link rel=\"canonical\" href=\"https:\/\/luxuryspacluj.upbit.ro\/produs\/day-cream-c-s-m-enriched\/\" \/>\n<meta property=\"og:locale\" content=\"ro_RO\" \/>\n<meta property=\"og:type\" content=\"article\" \/>\n<meta property=\"og:title\" content=\"Day Cream C.S.M. Enriched - Luxury Spa Cluj Napoca\" \/>\n<meta property=\"og:description\" content=\"\u00cen timpul zilei pielea pierde mult\u0103 umiditate. Pielea uscat\u0103 prezint\u0103 riduri \u015fi arat\u0103 obosit\u0103. Consisten\u0163a de molecule fine a cremei de zi convinge imediat dup\u0103 aplicare. De\u015fi este absorbit\u0103 repede, asigur\u0103 timp \u00eendelungat umiditatea necesar\u0103 \u015fi protec\u0163ia fa\u0163\u0103 de radicalii liberi. Allantoin \u015fi extractele de drojdie sus\u0163in structura celular\u0103 a pielii. Combina\u0163ia substan\u0163elor active ajut\u0103 metabolismul natural al pielii, comb\u0103t\u00e2nd astfel uscarea din interior a pielii.\" \/>\n<meta property=\"og:url\" content=\"https:\/\/luxuryspacluj.upbit.ro\/produs\/day-cream-c-s-m-enriched\/\" \/>\n<meta property=\"og:site_name\" content=\"Luxury Spa Cluj Napoca\" \/>\n<meta property=\"article:publisher\" content=\"https:\/\/www.facebook.com\/LuxurySpaCluj\/\" \/>\n<meta property=\"article:modified_time\" content=\"2022-11-08T15:07:09+00:00\" \/>\n<meta property=\"og:image\" content=\"https:\/\/luxuryspacluj.upbit.ro\/wp-content\/uploads\/2020\/11\/24_7_daycream_fg.png\" \/>\n\t<meta property=\"og:image:width\" content=\"1200\" \/>\n\t<meta property=\"og:image:height\" content=\"800\" \/>\n\t<meta property=\"og:image:type\" content=\"image\/png\" \/>\n<meta name=\"twitter:card\" content=\"summary_large_image\" \/>\n<script type=\"application\/ld+json\" class=\"yoast-schema-graph\">{\"@context\":\"https:\/\/schema.org\",\"@graph\":[{\"@type\":\"WebPage\",\"@id\":\"https:\/\/luxuryspacluj.upbit.ro\/produs\/day-cream-c-s-m-enriched\/\",\"url\":\"https:\/\/luxuryspacluj.upbit.ro\/produs\/day-cream-c-s-m-enriched\/\",\"name\":\"Day Cream C.S.M. Enriched - Luxury Spa Cluj Napoca\",\"isPartOf\":{\"@id\":\"https:\/\/luxuryspacluj.upbit.ro\/#website\"},\"primaryImageOfPage\":{\"@id\":\"https:\/\/luxuryspacluj.upbit.ro\/produs\/day-cream-c-s-m-enriched\/#primaryimage\"},\"image\":{\"@id\":\"https:\/\/luxuryspacluj.upbit.ro\/produs\/day-cream-c-s-m-enriched\/#primaryimage\"},\"thumbnailUrl\":\"https:\/\/luxuryspacluj.upbit.ro\/wp-content\/uploads\/2020\/11\/24_7_daycream_fg.png\",\"datePublished\":\"2020-11-23T10:37:55+00:00\",\"dateModified\":\"2022-11-08T15:07:09+00:00\",\"breadcrumb\":{\"@id\":\"https:\/\/luxuryspacluj.upbit.ro\/produs\/day-cream-c-s-m-enriched\/#breadcrumb\"},\"inLanguage\":\"ro-RO\",\"potentialAction\":[{\"@type\":\"ReadAction\",\"target\":[\"https:\/\/luxuryspacluj.upbit.ro\/produs\/day-cream-c-s-m-enriched\/\"]}]},{\"@type\":\"ImageObject\",\"inLanguage\":\"ro-RO\",\"@id\":\"https:\/\/luxuryspacluj.upbit.ro\/produs\/day-cream-c-s-m-enriched\/#primaryimage\",\"url\":\"https:\/\/luxuryspacluj.upbit.ro\/wp-content\/uploads\/2020\/11\/24_7_daycream_fg.png\",\"contentUrl\":\"https:\/\/luxuryspacluj.upbit.ro\/wp-content\/uploads\/2020\/11\/24_7_daycream_fg.png\",\"width\":1200,\"height\":800},{\"@type\":\"BreadcrumbList\",\"@id\":\"https:\/\/luxuryspacluj.upbit.ro\/produs\/day-cream-c-s-m-enriched\/#breadcrumb\",\"itemListElement\":[{\"@type\":\"ListItem\",\"position\":1,\"name\":\"Home\",\"item\":\"https:\/\/luxuryspacluj.upbit.ro\/\"},{\"@type\":\"ListItem\",\"position\":2,\"name\":\"Shop\",\"item\":\"https:\/\/luxuryspacluj.upbit.ro\/?page_id=694\"},{\"@type\":\"ListItem\",\"position\":3,\"name\":\"Day Cream C.S.M. Enriched\"}]},{\"@type\":\"WebSite\",\"@id\":\"https:\/\/luxuryspacluj.upbit.ro\/#website\",\"url\":\"https:\/\/luxuryspacluj.upbit.ro\/\",\"name\":\"Luxury Spa Cluj Napoca\",\"description\":\"Luxury Spa Cluj Napoca\",\"publisher\":{\"@id\":\"https:\/\/luxuryspacluj.upbit.ro\/#organization\"},\"potentialAction\":[{\"@type\":\"SearchAction\",\"target\":{\"@type\":\"EntryPoint\",\"urlTemplate\":\"https:\/\/luxuryspacluj.upbit.ro\/?s={search_term_string}\"},\"query-input\":{\"@type\":\"PropertyValueSpecification\",\"valueRequired\":true,\"valueName\":\"search_term_string\"}}],\"inLanguage\":\"ro-RO\"},{\"@type\":\"Organization\",\"@id\":\"https:\/\/luxuryspacluj.upbit.ro\/#organization\",\"name\":\"Luxury Spa Cluj\",\"url\":\"https:\/\/luxuryspacluj.upbit.ro\/\",\"logo\":{\"@type\":\"ImageObject\",\"inLanguage\":\"ro-RO\",\"@id\":\"https:\/\/luxuryspacluj.upbit.ro\/#\/schema\/logo\/image\/\",\"url\":\"https:\/\/luxuryspacluj.upbit.ro\/wp-content\/uploads\/2019\/07\/LOGO.png\",\"contentUrl\":\"https:\/\/luxuryspacluj.upbit.ro\/wp-content\/uploads\/2019\/07\/LOGO.png\",\"width\":260,\"height\":249,\"caption\":\"Luxury Spa Cluj\"},\"image\":{\"@id\":\"https:\/\/luxuryspacluj.upbit.ro\/#\/schema\/logo\/image\/\"},\"sameAs\":[\"https:\/\/www.facebook.com\/LuxurySpaCluj\/\"]}]}<\/script>\n<!-- \/ Yoast SEO plugin. -->","yoast_head_json":{"title":"Day Cream C.S.M. Enriched - Luxury Spa Cluj Napoca","robots":{"index":"index","follow":"follow","max-snippet":"max-snippet:-1","max-image-preview":"max-image-preview:large","max-video-preview":"max-video-preview:-1"},"canonical":"https:\/\/luxuryspacluj.upbit.ro\/produs\/day-cream-c-s-m-enriched\/","og_locale":"ro_RO","og_type":"article","og_title":"Day Cream C.S.M. Enriched - Luxury Spa Cluj Napoca","og_description":"\u00cen timpul zilei pielea pierde mult\u0103 umiditate. Pielea uscat\u0103 prezint\u0103 riduri \u015fi arat\u0103 obosit\u0103. Consisten\u0163a de molecule fine a cremei de zi convinge imediat dup\u0103 aplicare. De\u015fi este absorbit\u0103 repede, asigur\u0103 timp \u00eendelungat umiditatea necesar\u0103 \u015fi protec\u0163ia fa\u0163\u0103 de radicalii liberi. Allantoin \u015fi extractele de drojdie sus\u0163in structura celular\u0103 a pielii. Combina\u0163ia substan\u0163elor active ajut\u0103 metabolismul natural al pielii, comb\u0103t\u00e2nd astfel uscarea din interior a pielii.","og_url":"https:\/\/luxuryspacluj.upbit.ro\/produs\/day-cream-c-s-m-enriched\/","og_site_name":"Luxury Spa Cluj Napoca","article_publisher":"https:\/\/www.facebook.com\/LuxurySpaCluj\/","article_modified_time":"2022-11-08T15:07:09+00:00","og_image":[{"width":1200,"height":800,"url":"https:\/\/luxuryspacluj.upbit.ro\/wp-content\/uploads\/2020\/11\/24_7_daycream_fg.png","type":"image\/png"}],"twitter_card":"summary_large_image","schema":{"@context":"https:\/\/schema.org","@graph":[{"@type":"WebPage","@id":"https:\/\/luxuryspacluj.upbit.ro\/produs\/day-cream-c-s-m-enriched\/","url":"https:\/\/luxuryspacluj.upbit.ro\/produs\/day-cream-c-s-m-enriched\/","name":"Day Cream C.S.M. Enriched - Luxury Spa Cluj Napoca","isPartOf":{"@id":"https:\/\/luxuryspacluj.upbit.ro\/#website"},"primaryImageOfPage":{"@id":"https:\/\/luxuryspacluj.upbit.ro\/produs\/day-cream-c-s-m-enriched\/#primaryimage"},"image":{"@id":"https:\/\/luxuryspacluj.upbit.ro\/produs\/day-cream-c-s-m-enriched\/#primaryimage"},"thumbnailUrl":"https:\/\/luxuryspacluj.upbit.ro\/wp-content\/uploads\/2020\/11\/24_7_daycream_fg.png","datePublished":"2020-11-23T10:37:55+00:00","dateModified":"2022-11-08T15:07:09+00:00","breadcrumb":{"@id":"https:\/\/luxuryspacluj.upbit.ro\/produs\/day-cream-c-s-m-enriched\/#breadcrumb"},"inLanguage":"ro-RO","potentialAction":[{"@type":"ReadAction","target":["https:\/\/luxuryspacluj.upbit.ro\/produs\/day-cream-c-s-m-enriched\/"]}]},{"@type":"ImageObject","inLanguage":"ro-RO","@id":"https:\/\/luxuryspacluj.upbit.ro\/produs\/day-cream-c-s-m-enriched\/#primaryimage","url":"https:\/\/luxuryspacluj.upbit.ro\/wp-content\/uploads\/2020\/11\/24_7_daycream_fg.png","contentUrl":"https:\/\/luxuryspacluj.upbit.ro\/wp-content\/uploads\/2020\/11\/24_7_daycream_fg.png","width":1200,"height":800},{"@type":"BreadcrumbList","@id":"https:\/\/luxuryspacluj.upbit.ro\/produs\/day-cream-c-s-m-enriched\/#breadcrumb","itemListElement":[{"@type":"ListItem","position":1,"name":"Home","item":"https:\/\/luxuryspacluj.upbit.ro\/"},{"@type":"ListItem","position":2,"name":"Shop","item":"https:\/\/luxuryspacluj.upbit.ro\/?page_id=694"},{"@type":"ListItem","position":3,"name":"Day Cream C.S.M. Enriched"}]},{"@type":"WebSite","@id":"https:\/\/luxuryspacluj.upbit.ro\/#website","url":"https:\/\/luxuryspacluj.upbit.ro\/","name":"Luxury Spa Cluj Napoca","description":"Luxury Spa Cluj Napoca","publisher":{"@id":"https:\/\/luxuryspacluj.upbit.ro\/#organization"},"potentialAction":[{"@type":"SearchAction","target":{"@type":"EntryPoint","urlTemplate":"https:\/\/luxuryspacluj.upbit.ro\/?s={search_term_string}"},"query-input":{"@type":"PropertyValueSpecification","valueRequired":true,"valueName":"search_term_string"}}],"inLanguage":"ro-RO"},{"@type":"Organization","@id":"https:\/\/luxuryspacluj.upbit.ro\/#organization","name":"Luxury Spa Cluj","url":"https:\/\/luxuryspacluj.upbit.ro\/","logo":{"@type":"ImageObject","inLanguage":"ro-RO","@id":"https:\/\/luxuryspacluj.upbit.ro\/#\/schema\/logo\/image\/","url":"https:\/\/luxuryspacluj.upbit.ro\/wp-content\/uploads\/2019\/07\/LOGO.png","contentUrl":"https:\/\/luxuryspacluj.upbit.ro\/wp-content\/uploads\/2019\/07\/LOGO.png","width":260,"height":249,"caption":"Luxury Spa Cluj"},"image":{"@id":"https:\/\/luxuryspacluj.upbit.ro\/#\/schema\/logo\/image\/"},"sameAs":["https:\/\/www.facebook.com\/LuxurySpaCluj\/"]}]}},"_links":{"self":[{"href":"https:\/\/luxuryspacluj.upbit.ro\/index.php?rest_route=\/wp\/v2\/product\/727","targetHints":{"allow":["GET"]}}],"collection":[{"href":"https:\/\/luxuryspacluj.upbit.ro\/index.php?rest_route=\/wp\/v2\/product"}],"about":[{"href":"https:\/\/luxuryspacluj.upbit.ro\/index.php?rest_route=\/wp\/v2\/types\/product"}],"replies":[{"embeddable":true,"href":"https:\/\/luxuryspacluj.upbit.ro\/index.php?rest_route=%2Fwp%2Fv2%2Fcomments&post=727"}],"wp:featuredmedia":[{"embeddable":true,"href":"https:\/\/luxuryspacluj.upbit.ro\/index.php?rest_route=\/wp\/v2\/media\/728"}],"wp:attachment":[{"href":"https:\/\/luxuryspacluj.upbit.ro\/index.php?rest_route=%2Fwp%2Fv2%2Fmedia&parent=727"}],"wp:term":[{"taxonomy":"product_cat","embeddable":true,"href":"https:\/\/luxuryspacluj.upbit.ro\/index.php?rest_route=%2Fwp%2Fv2%2Fproduct_cat&post=727"},{"taxonomy":"product_tag","embeddable":true,"href":"https:\/\/luxuryspacluj.upbit.ro\/index.php?rest_route=%2Fwp%2Fv2%2Fproduct_tag&post=727"}],"curies":[{"name":"wp","href":"https:\/\/api.w.org\/{rel}","templated":true}]}}