{"id":778,"date":"2020-11-23T13:05:44","date_gmt":"2020-11-23T11:05:44","guid":{"rendered":"https:\/\/luxuryspacluj.upbit.ro\/?post_type=product&#038;p=778"},"modified":"2024-11-01T16:03:28","modified_gmt":"2024-11-01T14:03:28","slug":"skintone-c-s-m-eye-mask","status":"publish","type":"product","link":"https:\/\/luxuryspacluj.upbit.ro\/?product=skintone-c-s-m-eye-mask","title":{"rendered":"Skintone C.S.M. Eye-Mask"},"content":{"rendered":"<p><strong>Aplicare<\/strong>: Aplica\u0163i seara pe pielea cur\u0103\u021bat\u0103, \u00een zona ochilor, de la linia genelor p\u00e2n\u0103 la nivelul arcadei zigomatice. Masca cremoas\u0103 poate fi \u00eendep\u0103rtat\u0103 dup\u0103 20 de minute, cu ajutorul unei dischete de bumbac umede sau prin masarea u\u0219oar\u0103 a cremei \u00een piele. \u00cen cazul tenului uscat, masca pentru ochi poate fi folosit\u0103 zilnic.\u00a0 \u00cen cazul tenului normal, p\u00e2n\u0103 la tenul gras, v\u0103 recomand\u0103m utilizarea produsului odat\u0103 sau de dou\u0103 ori pe s\u0103pt\u0103m\u00e2n\u0103.<\/p>\n","protected":false},"excerpt":{"rendered":"<p>Crema moale, totu\u015fi u\u015for compact\u0103, se muleaz\u0103 ca un strat sub\u0163ire asemeni unei comprese \u00een zona ochilor care au nevoie de \u00eengrijire constant\u0103. Furniz\u00e2nd pielii substan\u0163e valoroase de \u00eengrijire, atenueaz\u0103 \u00een profunzime ridurile, cearc\u0103nele din jurul ochilor, pungile sau tenul uscat, fapt deja demonstrat.<\/p>\n","protected":false},"featured_media":779,"comment_status":"open","ping_status":"closed","template":"","meta":[],"product_cat":[29],"product_tag":[],"class_list":{"0":"post-778","1":"product","2":"type-product","3":"status-publish","4":"has-post-thumbnail","6":"product_cat-estetica-faciala","8":"first","9":"instock","10":"shipping-taxable","11":"purchasable","12":"product-type-simple"},"yoast_head":"<!-- This site is optimized with the Yoast SEO plugin v24.0 - https:\/\/yoast.com\/wordpress\/plugins\/seo\/ -->\n<title>Skintone C.S.M. Eye-Mask - Luxury Spa Cluj Napoca<\/title>\n<meta name=\"robots\" content=\"index, follow, max-snippet:-1, max-image-preview:large, max-video-preview:-1\" \/>\n<link rel=\"canonical\" href=\"https:\/\/luxuryspacluj.upbit.ro\/produs\/skintone-c-s-m-eye-mask\/\" \/>\n<meta property=\"og:locale\" content=\"ro_RO\" \/>\n<meta property=\"og:type\" content=\"article\" \/>\n<meta property=\"og:title\" content=\"Skintone C.S.M. Eye-Mask - Luxury Spa Cluj Napoca\" \/>\n<meta property=\"og:description\" content=\"Crema moale, totu\u015fi u\u015for compact\u0103, se muleaz\u0103 ca un strat sub\u0163ire asemeni unei comprese \u00een zona ochilor care au nevoie de \u00eengrijire constant\u0103. Furniz\u00e2nd pielii substan\u0163e valoroase de \u00eengrijire, atenueaz\u0103 \u00een profunzime ridurile, cearc\u0103nele din jurul ochilor, pungile sau tenul uscat, fapt deja demonstrat.\" \/>\n<meta property=\"og:url\" content=\"https:\/\/luxuryspacluj.upbit.ro\/produs\/skintone-c-s-m-eye-mask\/\" \/>\n<meta property=\"og:site_name\" content=\"Luxury Spa Cluj Napoca\" \/>\n<meta property=\"article:publisher\" content=\"https:\/\/www.facebook.com\/LuxurySpaCluj\/\" \/>\n<meta property=\"article:modified_time\" content=\"2024-11-01T14:03:28+00:00\" \/>\n<meta property=\"og:image\" content=\"https:\/\/luxuryspacluj.upbit.ro\/wp-content\/uploads\/2020\/11\/Skintone_eyemask_fg.png\" \/>\n\t<meta property=\"og:image:width\" content=\"1200\" \/>\n\t<meta property=\"og:image:height\" content=\"800\" \/>\n\t<meta property=\"og:image:type\" content=\"image\/png\" \/>\n<meta name=\"twitter:card\" content=\"summary_large_image\" \/>\n<script type=\"application\/ld+json\" class=\"yoast-schema-graph\">{\"@context\":\"https:\/\/schema.org\",\"@graph\":[{\"@type\":\"WebPage\",\"@id\":\"https:\/\/luxuryspacluj.upbit.ro\/produs\/skintone-c-s-m-eye-mask\/\",\"url\":\"https:\/\/luxuryspacluj.upbit.ro\/produs\/skintone-c-s-m-eye-mask\/\",\"name\":\"Skintone C.S.M. Eye-Mask - Luxury Spa Cluj Napoca\",\"isPartOf\":{\"@id\":\"https:\/\/luxuryspacluj.upbit.ro\/#website\"},\"primaryImageOfPage\":{\"@id\":\"https:\/\/luxuryspacluj.upbit.ro\/produs\/skintone-c-s-m-eye-mask\/#primaryimage\"},\"image\":{\"@id\":\"https:\/\/luxuryspacluj.upbit.ro\/produs\/skintone-c-s-m-eye-mask\/#primaryimage\"},\"thumbnailUrl\":\"https:\/\/luxuryspacluj.upbit.ro\/wp-content\/uploads\/2020\/11\/Skintone_eyemask_fg.png\",\"datePublished\":\"2020-11-23T11:05:44+00:00\",\"dateModified\":\"2024-11-01T14:03:28+00:00\",\"breadcrumb\":{\"@id\":\"https:\/\/luxuryspacluj.upbit.ro\/produs\/skintone-c-s-m-eye-mask\/#breadcrumb\"},\"inLanguage\":\"ro-RO\",\"potentialAction\":[{\"@type\":\"ReadAction\",\"target\":[\"https:\/\/luxuryspacluj.upbit.ro\/produs\/skintone-c-s-m-eye-mask\/\"]}]},{\"@type\":\"ImageObject\",\"inLanguage\":\"ro-RO\",\"@id\":\"https:\/\/luxuryspacluj.upbit.ro\/produs\/skintone-c-s-m-eye-mask\/#primaryimage\",\"url\":\"https:\/\/luxuryspacluj.upbit.ro\/wp-content\/uploads\/2020\/11\/Skintone_eyemask_fg.png\",\"contentUrl\":\"https:\/\/luxuryspacluj.upbit.ro\/wp-content\/uploads\/2020\/11\/Skintone_eyemask_fg.png\",\"width\":1200,\"height\":800},{\"@type\":\"BreadcrumbList\",\"@id\":\"https:\/\/luxuryspacluj.upbit.ro\/produs\/skintone-c-s-m-eye-mask\/#breadcrumb\",\"itemListElement\":[{\"@type\":\"ListItem\",\"position\":1,\"name\":\"Home\",\"item\":\"https:\/\/luxuryspacluj.upbit.ro\/\"},{\"@type\":\"ListItem\",\"position\":2,\"name\":\"Shop\",\"item\":\"https:\/\/luxuryspacluj.upbit.ro\/?page_id=694\"},{\"@type\":\"ListItem\",\"position\":3,\"name\":\"Skintone C.S.M. Eye-Mask\"}]},{\"@type\":\"WebSite\",\"@id\":\"https:\/\/luxuryspacluj.upbit.ro\/#website\",\"url\":\"https:\/\/luxuryspacluj.upbit.ro\/\",\"name\":\"Luxury Spa Cluj Napoca\",\"description\":\"Luxury Spa Cluj Napoca\",\"publisher\":{\"@id\":\"https:\/\/luxuryspacluj.upbit.ro\/#organization\"},\"potentialAction\":[{\"@type\":\"SearchAction\",\"target\":{\"@type\":\"EntryPoint\",\"urlTemplate\":\"https:\/\/luxuryspacluj.upbit.ro\/?s={search_term_string}\"},\"query-input\":{\"@type\":\"PropertyValueSpecification\",\"valueRequired\":true,\"valueName\":\"search_term_string\"}}],\"inLanguage\":\"ro-RO\"},{\"@type\":\"Organization\",\"@id\":\"https:\/\/luxuryspacluj.upbit.ro\/#organization\",\"name\":\"Luxury Spa Cluj\",\"url\":\"https:\/\/luxuryspacluj.upbit.ro\/\",\"logo\":{\"@type\":\"ImageObject\",\"inLanguage\":\"ro-RO\",\"@id\":\"https:\/\/luxuryspacluj.upbit.ro\/#\/schema\/logo\/image\/\",\"url\":\"https:\/\/luxuryspacluj.upbit.ro\/wp-content\/uploads\/2019\/07\/LOGO.png\",\"contentUrl\":\"https:\/\/luxuryspacluj.upbit.ro\/wp-content\/uploads\/2019\/07\/LOGO.png\",\"width\":260,\"height\":249,\"caption\":\"Luxury Spa Cluj\"},\"image\":{\"@id\":\"https:\/\/luxuryspacluj.upbit.ro\/#\/schema\/logo\/image\/\"},\"sameAs\":[\"https:\/\/www.facebook.com\/LuxurySpaCluj\/\"]}]}<\/script>\n<!-- \/ Yoast SEO plugin. -->","yoast_head_json":{"title":"Skintone C.S.M. Eye-Mask - Luxury Spa Cluj Napoca","robots":{"index":"index","follow":"follow","max-snippet":"max-snippet:-1","max-image-preview":"max-image-preview:large","max-video-preview":"max-video-preview:-1"},"canonical":"https:\/\/luxuryspacluj.upbit.ro\/produs\/skintone-c-s-m-eye-mask\/","og_locale":"ro_RO","og_type":"article","og_title":"Skintone C.S.M. Eye-Mask - Luxury Spa Cluj Napoca","og_description":"Crema moale, totu\u015fi u\u015for compact\u0103, se muleaz\u0103 ca un strat sub\u0163ire asemeni unei comprese \u00een zona ochilor care au nevoie de \u00eengrijire constant\u0103. Furniz\u00e2nd pielii substan\u0163e valoroase de \u00eengrijire, atenueaz\u0103 \u00een profunzime ridurile, cearc\u0103nele din jurul ochilor, pungile sau tenul uscat, fapt deja demonstrat.","og_url":"https:\/\/luxuryspacluj.upbit.ro\/produs\/skintone-c-s-m-eye-mask\/","og_site_name":"Luxury Spa Cluj Napoca","article_publisher":"https:\/\/www.facebook.com\/LuxurySpaCluj\/","article_modified_time":"2024-11-01T14:03:28+00:00","og_image":[{"width":1200,"height":800,"url":"https:\/\/luxuryspacluj.upbit.ro\/wp-content\/uploads\/2020\/11\/Skintone_eyemask_fg.png","type":"image\/png"}],"twitter_card":"summary_large_image","schema":{"@context":"https:\/\/schema.org","@graph":[{"@type":"WebPage","@id":"https:\/\/luxuryspacluj.upbit.ro\/produs\/skintone-c-s-m-eye-mask\/","url":"https:\/\/luxuryspacluj.upbit.ro\/produs\/skintone-c-s-m-eye-mask\/","name":"Skintone C.S.M. Eye-Mask - Luxury Spa Cluj Napoca","isPartOf":{"@id":"https:\/\/luxuryspacluj.upbit.ro\/#website"},"primaryImageOfPage":{"@id":"https:\/\/luxuryspacluj.upbit.ro\/produs\/skintone-c-s-m-eye-mask\/#primaryimage"},"image":{"@id":"https:\/\/luxuryspacluj.upbit.ro\/produs\/skintone-c-s-m-eye-mask\/#primaryimage"},"thumbnailUrl":"https:\/\/luxuryspacluj.upbit.ro\/wp-content\/uploads\/2020\/11\/Skintone_eyemask_fg.png","datePublished":"2020-11-23T11:05:44+00:00","dateModified":"2024-11-01T14:03:28+00:00","breadcrumb":{"@id":"https:\/\/luxuryspacluj.upbit.ro\/produs\/skintone-c-s-m-eye-mask\/#breadcrumb"},"inLanguage":"ro-RO","potentialAction":[{"@type":"ReadAction","target":["https:\/\/luxuryspacluj.upbit.ro\/produs\/skintone-c-s-m-eye-mask\/"]}]},{"@type":"ImageObject","inLanguage":"ro-RO","@id":"https:\/\/luxuryspacluj.upbit.ro\/produs\/skintone-c-s-m-eye-mask\/#primaryimage","url":"https:\/\/luxuryspacluj.upbit.ro\/wp-content\/uploads\/2020\/11\/Skintone_eyemask_fg.png","contentUrl":"https:\/\/luxuryspacluj.upbit.ro\/wp-content\/uploads\/2020\/11\/Skintone_eyemask_fg.png","width":1200,"height":800},{"@type":"BreadcrumbList","@id":"https:\/\/luxuryspacluj.upbit.ro\/produs\/skintone-c-s-m-eye-mask\/#breadcrumb","itemListElement":[{"@type":"ListItem","position":1,"name":"Home","item":"https:\/\/luxuryspacluj.upbit.ro\/"},{"@type":"ListItem","position":2,"name":"Shop","item":"https:\/\/luxuryspacluj.upbit.ro\/?page_id=694"},{"@type":"ListItem","position":3,"name":"Skintone C.S.M. Eye-Mask"}]},{"@type":"WebSite","@id":"https:\/\/luxuryspacluj.upbit.ro\/#website","url":"https:\/\/luxuryspacluj.upbit.ro\/","name":"Luxury Spa Cluj Napoca","description":"Luxury Spa Cluj Napoca","publisher":{"@id":"https:\/\/luxuryspacluj.upbit.ro\/#organization"},"potentialAction":[{"@type":"SearchAction","target":{"@type":"EntryPoint","urlTemplate":"https:\/\/luxuryspacluj.upbit.ro\/?s={search_term_string}"},"query-input":{"@type":"PropertyValueSpecification","valueRequired":true,"valueName":"search_term_string"}}],"inLanguage":"ro-RO"},{"@type":"Organization","@id":"https:\/\/luxuryspacluj.upbit.ro\/#organization","name":"Luxury Spa Cluj","url":"https:\/\/luxuryspacluj.upbit.ro\/","logo":{"@type":"ImageObject","inLanguage":"ro-RO","@id":"https:\/\/luxuryspacluj.upbit.ro\/#\/schema\/logo\/image\/","url":"https:\/\/luxuryspacluj.upbit.ro\/wp-content\/uploads\/2019\/07\/LOGO.png","contentUrl":"https:\/\/luxuryspacluj.upbit.ro\/wp-content\/uploads\/2019\/07\/LOGO.png","width":260,"height":249,"caption":"Luxury Spa Cluj"},"image":{"@id":"https:\/\/luxuryspacluj.upbit.ro\/#\/schema\/logo\/image\/"},"sameAs":["https:\/\/www.facebook.com\/LuxurySpaCluj\/"]}]}},"_links":{"self":[{"href":"https:\/\/luxuryspacluj.upbit.ro\/index.php?rest_route=\/wp\/v2\/product\/778","targetHints":{"allow":["GET"]}}],"collection":[{"href":"https:\/\/luxuryspacluj.upbit.ro\/index.php?rest_route=\/wp\/v2\/product"}],"about":[{"href":"https:\/\/luxuryspacluj.upbit.ro\/index.php?rest_route=\/wp\/v2\/types\/product"}],"replies":[{"embeddable":true,"href":"https:\/\/luxuryspacluj.upbit.ro\/index.php?rest_route=%2Fwp%2Fv2%2Fcomments&post=778"}],"wp:featuredmedia":[{"embeddable":true,"href":"https:\/\/luxuryspacluj.upbit.ro\/index.php?rest_route=\/wp\/v2\/media\/779"}],"wp:attachment":[{"href":"https:\/\/luxuryspacluj.upbit.ro\/index.php?rest_route=%2Fwp%2Fv2%2Fmedia&parent=778"}],"wp:term":[{"taxonomy":"product_cat","embeddable":true,"href":"https:\/\/luxuryspacluj.upbit.ro\/index.php?rest_route=%2Fwp%2Fv2%2Fproduct_cat&post=778"},{"taxonomy":"product_tag","embeddable":true,"href":"https:\/\/luxuryspacluj.upbit.ro\/index.php?rest_route=%2Fwp%2Fv2%2Fproduct_tag&post=778"}],"curies":[{"name":"wp","href":"https:\/\/api.w.org\/{rel}","templated":true}]}}