{"id":780,"date":"2020-11-23T13:07:10","date_gmt":"2020-11-23T11:07:10","guid":{"rendered":"https:\/\/luxuryspacluj.upbit.ro\/?post_type=product&#038;p=780"},"modified":"2022-11-08T17:04:38","modified_gmt":"2022-11-08T15:04:38","slug":"skintone-c-s-m-gel-anti-aging","status":"publish","type":"product","link":"https:\/\/luxuryspacluj.upbit.ro\/?product=skintone-c-s-m-gel-anti-aging","title":{"rendered":"Skintone C.S.M. Gel Anti-Aging"},"content":{"rendered":"<p><strong>Aplicare:<\/strong>\u00a0Se \u00eentinde u\u015for,cu v\u00e2rful degetelor, diminea\u021ba \u015fi seara pe pielea cur\u0103\u021bat\u0103 (fa\u021b\u0103, g\u00e2t \u015fi decolteu), apoi se aplic\u0103 crema c.s.m..<br \/>\n<strong>Not\u0103:<\/strong>\u00a0Nu se aplic\u0103 pe pleoape.<\/p>\n","protected":false},"excerpt":{"rendered":"<p>Concentratul pur sprijin\u0103 sistemul nostru de revigorare \u015fi recondi\u021bionare a pielii. Acesta ofer\u0103 o senza\u0163ie de netezire imediat\u0103 \u015fi constituie baza cremei de c.s.m. \u2013 de \u00eenalt\u0103 performan\u0163\u0103. Dup\u0103 o aplica\u0163ie cu ultrasunete sau dup\u0103 cur\u0103\u0163area zilnic\u0103, pielea este deosebit de receptiv\u0103 la ingredientele active, de \u00eenalt\u0103 eficien\u0163\u0103. Proteinele de soia \u015fi extractul de Hedera Helix (Iedera) pe care le con\u0163ine produsul re\u0163in umiditatea \u015fi sprijin\u0103 \u00een mod activ func\u0163iile pielii.<\/p>\n","protected":false},"featured_media":781,"comment_status":"open","ping_status":"closed","template":"","meta":[],"product_cat":[29],"product_tag":[],"class_list":{"0":"post-780","1":"product","2":"type-product","3":"status-publish","4":"has-post-thumbnail","6":"product_cat-estetica-faciala","8":"first","9":"instock","10":"shipping-taxable","11":"purchasable","12":"product-type-simple"},"yoast_head":"<!-- This site is optimized with the Yoast SEO plugin v24.0 - https:\/\/yoast.com\/wordpress\/plugins\/seo\/ -->\n<title>Skintone C.S.M. Gel Anti-Aging - Luxury Spa Cluj Napoca<\/title>\n<meta name=\"robots\" content=\"index, follow, max-snippet:-1, max-image-preview:large, max-video-preview:-1\" \/>\n<link rel=\"canonical\" href=\"https:\/\/luxuryspacluj.upbit.ro\/produs\/skintone-c-s-m-gel-anti-aging\/\" \/>\n<meta property=\"og:locale\" content=\"ro_RO\" \/>\n<meta property=\"og:type\" content=\"article\" \/>\n<meta property=\"og:title\" content=\"Skintone C.S.M. Gel Anti-Aging - Luxury Spa Cluj Napoca\" \/>\n<meta property=\"og:description\" content=\"Concentratul pur sprijin\u0103 sistemul nostru de revigorare \u015fi recondi\u021bionare a pielii. Acesta ofer\u0103 o senza\u0163ie de netezire imediat\u0103 \u015fi constituie baza cremei de c.s.m. \u2013 de \u00eenalt\u0103 performan\u0163\u0103. Dup\u0103 o aplica\u0163ie cu ultrasunete sau dup\u0103 cur\u0103\u0163area zilnic\u0103, pielea este deosebit de receptiv\u0103 la ingredientele active, de \u00eenalt\u0103 eficien\u0163\u0103. Proteinele de soia \u015fi extractul de Hedera Helix (Iedera) pe care le con\u0163ine produsul re\u0163in umiditatea \u015fi sprijin\u0103 \u00een mod activ func\u0163iile pielii.\" \/>\n<meta property=\"og:url\" content=\"https:\/\/luxuryspacluj.upbit.ro\/produs\/skintone-c-s-m-gel-anti-aging\/\" \/>\n<meta property=\"og:site_name\" content=\"Luxury Spa Cluj Napoca\" \/>\n<meta property=\"article:publisher\" content=\"https:\/\/www.facebook.com\/LuxurySpaCluj\/\" \/>\n<meta property=\"article:modified_time\" content=\"2022-11-08T15:04:38+00:00\" \/>\n<meta property=\"og:image\" content=\"https:\/\/luxuryspacluj.upbit.ro\/wp-content\/uploads\/2020\/11\/Skintone_csmgel_fg.png\" \/>\n\t<meta property=\"og:image:width\" content=\"1200\" \/>\n\t<meta property=\"og:image:height\" content=\"800\" \/>\n\t<meta property=\"og:image:type\" content=\"image\/png\" \/>\n<meta name=\"twitter:card\" content=\"summary_large_image\" \/>\n<script type=\"application\/ld+json\" class=\"yoast-schema-graph\">{\"@context\":\"https:\/\/schema.org\",\"@graph\":[{\"@type\":\"WebPage\",\"@id\":\"https:\/\/luxuryspacluj.upbit.ro\/produs\/skintone-c-s-m-gel-anti-aging\/\",\"url\":\"https:\/\/luxuryspacluj.upbit.ro\/produs\/skintone-c-s-m-gel-anti-aging\/\",\"name\":\"Skintone C.S.M. Gel Anti-Aging - Luxury Spa Cluj Napoca\",\"isPartOf\":{\"@id\":\"https:\/\/luxuryspacluj.upbit.ro\/#website\"},\"primaryImageOfPage\":{\"@id\":\"https:\/\/luxuryspacluj.upbit.ro\/produs\/skintone-c-s-m-gel-anti-aging\/#primaryimage\"},\"image\":{\"@id\":\"https:\/\/luxuryspacluj.upbit.ro\/produs\/skintone-c-s-m-gel-anti-aging\/#primaryimage\"},\"thumbnailUrl\":\"https:\/\/luxuryspacluj.upbit.ro\/wp-content\/uploads\/2020\/11\/Skintone_csmgel_fg.png\",\"datePublished\":\"2020-11-23T11:07:10+00:00\",\"dateModified\":\"2022-11-08T15:04:38+00:00\",\"breadcrumb\":{\"@id\":\"https:\/\/luxuryspacluj.upbit.ro\/produs\/skintone-c-s-m-gel-anti-aging\/#breadcrumb\"},\"inLanguage\":\"ro-RO\",\"potentialAction\":[{\"@type\":\"ReadAction\",\"target\":[\"https:\/\/luxuryspacluj.upbit.ro\/produs\/skintone-c-s-m-gel-anti-aging\/\"]}]},{\"@type\":\"ImageObject\",\"inLanguage\":\"ro-RO\",\"@id\":\"https:\/\/luxuryspacluj.upbit.ro\/produs\/skintone-c-s-m-gel-anti-aging\/#primaryimage\",\"url\":\"https:\/\/luxuryspacluj.upbit.ro\/wp-content\/uploads\/2020\/11\/Skintone_csmgel_fg.png\",\"contentUrl\":\"https:\/\/luxuryspacluj.upbit.ro\/wp-content\/uploads\/2020\/11\/Skintone_csmgel_fg.png\",\"width\":1200,\"height\":800},{\"@type\":\"BreadcrumbList\",\"@id\":\"https:\/\/luxuryspacluj.upbit.ro\/produs\/skintone-c-s-m-gel-anti-aging\/#breadcrumb\",\"itemListElement\":[{\"@type\":\"ListItem\",\"position\":1,\"name\":\"Home\",\"item\":\"https:\/\/luxuryspacluj.upbit.ro\/\"},{\"@type\":\"ListItem\",\"position\":2,\"name\":\"Shop\",\"item\":\"https:\/\/luxuryspacluj.upbit.ro\/?page_id=694\"},{\"@type\":\"ListItem\",\"position\":3,\"name\":\"Skintone C.S.M. Gel Anti-Aging\"}]},{\"@type\":\"WebSite\",\"@id\":\"https:\/\/luxuryspacluj.upbit.ro\/#website\",\"url\":\"https:\/\/luxuryspacluj.upbit.ro\/\",\"name\":\"Luxury Spa Cluj Napoca\",\"description\":\"Luxury Spa Cluj Napoca\",\"publisher\":{\"@id\":\"https:\/\/luxuryspacluj.upbit.ro\/#organization\"},\"potentialAction\":[{\"@type\":\"SearchAction\",\"target\":{\"@type\":\"EntryPoint\",\"urlTemplate\":\"https:\/\/luxuryspacluj.upbit.ro\/?s={search_term_string}\"},\"query-input\":{\"@type\":\"PropertyValueSpecification\",\"valueRequired\":true,\"valueName\":\"search_term_string\"}}],\"inLanguage\":\"ro-RO\"},{\"@type\":\"Organization\",\"@id\":\"https:\/\/luxuryspacluj.upbit.ro\/#organization\",\"name\":\"Luxury Spa Cluj\",\"url\":\"https:\/\/luxuryspacluj.upbit.ro\/\",\"logo\":{\"@type\":\"ImageObject\",\"inLanguage\":\"ro-RO\",\"@id\":\"https:\/\/luxuryspacluj.upbit.ro\/#\/schema\/logo\/image\/\",\"url\":\"https:\/\/luxuryspacluj.upbit.ro\/wp-content\/uploads\/2019\/07\/LOGO.png\",\"contentUrl\":\"https:\/\/luxuryspacluj.upbit.ro\/wp-content\/uploads\/2019\/07\/LOGO.png\",\"width\":260,\"height\":249,\"caption\":\"Luxury Spa Cluj\"},\"image\":{\"@id\":\"https:\/\/luxuryspacluj.upbit.ro\/#\/schema\/logo\/image\/\"},\"sameAs\":[\"https:\/\/www.facebook.com\/LuxurySpaCluj\/\"]}]}<\/script>\n<!-- \/ Yoast SEO plugin. -->","yoast_head_json":{"title":"Skintone C.S.M. Gel Anti-Aging - Luxury Spa Cluj Napoca","robots":{"index":"index","follow":"follow","max-snippet":"max-snippet:-1","max-image-preview":"max-image-preview:large","max-video-preview":"max-video-preview:-1"},"canonical":"https:\/\/luxuryspacluj.upbit.ro\/produs\/skintone-c-s-m-gel-anti-aging\/","og_locale":"ro_RO","og_type":"article","og_title":"Skintone C.S.M. Gel Anti-Aging - Luxury Spa Cluj Napoca","og_description":"Concentratul pur sprijin\u0103 sistemul nostru de revigorare \u015fi recondi\u021bionare a pielii. Acesta ofer\u0103 o senza\u0163ie de netezire imediat\u0103 \u015fi constituie baza cremei de c.s.m. \u2013 de \u00eenalt\u0103 performan\u0163\u0103. Dup\u0103 o aplica\u0163ie cu ultrasunete sau dup\u0103 cur\u0103\u0163area zilnic\u0103, pielea este deosebit de receptiv\u0103 la ingredientele active, de \u00eenalt\u0103 eficien\u0163\u0103. Proteinele de soia \u015fi extractul de Hedera Helix (Iedera) pe care le con\u0163ine produsul re\u0163in umiditatea \u015fi sprijin\u0103 \u00een mod activ func\u0163iile pielii.","og_url":"https:\/\/luxuryspacluj.upbit.ro\/produs\/skintone-c-s-m-gel-anti-aging\/","og_site_name":"Luxury Spa Cluj Napoca","article_publisher":"https:\/\/www.facebook.com\/LuxurySpaCluj\/","article_modified_time":"2022-11-08T15:04:38+00:00","og_image":[{"width":1200,"height":800,"url":"https:\/\/luxuryspacluj.upbit.ro\/wp-content\/uploads\/2020\/11\/Skintone_csmgel_fg.png","type":"image\/png"}],"twitter_card":"summary_large_image","schema":{"@context":"https:\/\/schema.org","@graph":[{"@type":"WebPage","@id":"https:\/\/luxuryspacluj.upbit.ro\/produs\/skintone-c-s-m-gel-anti-aging\/","url":"https:\/\/luxuryspacluj.upbit.ro\/produs\/skintone-c-s-m-gel-anti-aging\/","name":"Skintone C.S.M. Gel Anti-Aging - Luxury Spa Cluj Napoca","isPartOf":{"@id":"https:\/\/luxuryspacluj.upbit.ro\/#website"},"primaryImageOfPage":{"@id":"https:\/\/luxuryspacluj.upbit.ro\/produs\/skintone-c-s-m-gel-anti-aging\/#primaryimage"},"image":{"@id":"https:\/\/luxuryspacluj.upbit.ro\/produs\/skintone-c-s-m-gel-anti-aging\/#primaryimage"},"thumbnailUrl":"https:\/\/luxuryspacluj.upbit.ro\/wp-content\/uploads\/2020\/11\/Skintone_csmgel_fg.png","datePublished":"2020-11-23T11:07:10+00:00","dateModified":"2022-11-08T15:04:38+00:00","breadcrumb":{"@id":"https:\/\/luxuryspacluj.upbit.ro\/produs\/skintone-c-s-m-gel-anti-aging\/#breadcrumb"},"inLanguage":"ro-RO","potentialAction":[{"@type":"ReadAction","target":["https:\/\/luxuryspacluj.upbit.ro\/produs\/skintone-c-s-m-gel-anti-aging\/"]}]},{"@type":"ImageObject","inLanguage":"ro-RO","@id":"https:\/\/luxuryspacluj.upbit.ro\/produs\/skintone-c-s-m-gel-anti-aging\/#primaryimage","url":"https:\/\/luxuryspacluj.upbit.ro\/wp-content\/uploads\/2020\/11\/Skintone_csmgel_fg.png","contentUrl":"https:\/\/luxuryspacluj.upbit.ro\/wp-content\/uploads\/2020\/11\/Skintone_csmgel_fg.png","width":1200,"height":800},{"@type":"BreadcrumbList","@id":"https:\/\/luxuryspacluj.upbit.ro\/produs\/skintone-c-s-m-gel-anti-aging\/#breadcrumb","itemListElement":[{"@type":"ListItem","position":1,"name":"Home","item":"https:\/\/luxuryspacluj.upbit.ro\/"},{"@type":"ListItem","position":2,"name":"Shop","item":"https:\/\/luxuryspacluj.upbit.ro\/?page_id=694"},{"@type":"ListItem","position":3,"name":"Skintone C.S.M. Gel Anti-Aging"}]},{"@type":"WebSite","@id":"https:\/\/luxuryspacluj.upbit.ro\/#website","url":"https:\/\/luxuryspacluj.upbit.ro\/","name":"Luxury Spa Cluj Napoca","description":"Luxury Spa Cluj Napoca","publisher":{"@id":"https:\/\/luxuryspacluj.upbit.ro\/#organization"},"potentialAction":[{"@type":"SearchAction","target":{"@type":"EntryPoint","urlTemplate":"https:\/\/luxuryspacluj.upbit.ro\/?s={search_term_string}"},"query-input":{"@type":"PropertyValueSpecification","valueRequired":true,"valueName":"search_term_string"}}],"inLanguage":"ro-RO"},{"@type":"Organization","@id":"https:\/\/luxuryspacluj.upbit.ro\/#organization","name":"Luxury Spa Cluj","url":"https:\/\/luxuryspacluj.upbit.ro\/","logo":{"@type":"ImageObject","inLanguage":"ro-RO","@id":"https:\/\/luxuryspacluj.upbit.ro\/#\/schema\/logo\/image\/","url":"https:\/\/luxuryspacluj.upbit.ro\/wp-content\/uploads\/2019\/07\/LOGO.png","contentUrl":"https:\/\/luxuryspacluj.upbit.ro\/wp-content\/uploads\/2019\/07\/LOGO.png","width":260,"height":249,"caption":"Luxury Spa Cluj"},"image":{"@id":"https:\/\/luxuryspacluj.upbit.ro\/#\/schema\/logo\/image\/"},"sameAs":["https:\/\/www.facebook.com\/LuxurySpaCluj\/"]}]}},"_links":{"self":[{"href":"https:\/\/luxuryspacluj.upbit.ro\/index.php?rest_route=\/wp\/v2\/product\/780","targetHints":{"allow":["GET"]}}],"collection":[{"href":"https:\/\/luxuryspacluj.upbit.ro\/index.php?rest_route=\/wp\/v2\/product"}],"about":[{"href":"https:\/\/luxuryspacluj.upbit.ro\/index.php?rest_route=\/wp\/v2\/types\/product"}],"replies":[{"embeddable":true,"href":"https:\/\/luxuryspacluj.upbit.ro\/index.php?rest_route=%2Fwp%2Fv2%2Fcomments&post=780"}],"wp:featuredmedia":[{"embeddable":true,"href":"https:\/\/luxuryspacluj.upbit.ro\/index.php?rest_route=\/wp\/v2\/media\/781"}],"wp:attachment":[{"href":"https:\/\/luxuryspacluj.upbit.ro\/index.php?rest_route=%2Fwp%2Fv2%2Fmedia&parent=780"}],"wp:term":[{"taxonomy":"product_cat","embeddable":true,"href":"https:\/\/luxuryspacluj.upbit.ro\/index.php?rest_route=%2Fwp%2Fv2%2Fproduct_cat&post=780"},{"taxonomy":"product_tag","embeddable":true,"href":"https:\/\/luxuryspacluj.upbit.ro\/index.php?rest_route=%2Fwp%2Fv2%2Fproduct_tag&post=780"}],"curies":[{"name":"wp","href":"https:\/\/api.w.org\/{rel}","templated":true}]}}