{"id":793,"date":"2020-11-23T13:14:31","date_gmt":"2020-11-23T11:14:31","guid":{"rendered":"https:\/\/luxuryspacluj.upbit.ro\/?post_type=product&#038;p=793"},"modified":"2022-11-08T17:04:19","modified_gmt":"2022-11-08T15:04:19","slug":"sun-protection-system-20-uvb","status":"publish","type":"product","link":"https:\/\/luxuryspacluj.upbit.ro\/?product=sun-protection-system-20-uvb","title":{"rendered":"Sun Protection System 20 UVB"},"content":{"rendered":"<p><strong>SPF 20\u00a0 UVB \/ UVA \u00a0\u2013\u00a0<\/strong><strong>medium protection\u00a0<\/strong><\/p>\n<p>Bronz bl\u00e2nd \u015fi \u00eengrijirea tenului \u2013 fie ca \u00eengrijire \u00een timpul concediului, fie \u00eentr-o\u00a0 excursie pe timp de zi. Nimic nu este posibil f\u0103r\u0103 o protec\u0163ie a tenului fa\u0163\u0103 de razele solare.<\/p>\n<p>&nbsp;<\/p>\n<ul>\n<li>Protejeaz\u0103 cu factor 20<\/li>\n<li>Filtrele\u00a0<u>UV-A \u015fi UV-B<\/u>\u00a0protejeaz\u0103 pielea de o \u00eemb\u0103tr\u00e2nire timpurie.<\/li>\n<li>cell supporting molecules sus\u0163in<u><\/u><\/li>\n<li>sun protection system poate fi folosit \u015fi la solar.<\/li>\n<li>vara poate fi folosit ca \u0219i crem\u0103 de zi<\/li>\n<li>indicat \u015fi celor alergici la soare.<\/li>\n<li>produsul ideal de \u00eengrijire dup\u0103 o baie de soare.<\/li>\n<\/ul>\n<p><em><u>Substan\u0163ele importante din con\u0163inut:<\/u><\/em><\/p>\n<p><strong>c.s.m. (cell supporting molecules) \/ Cutaneus Lysate<\/strong>\u00a0sus\u0163in\u00a0<strong>mecanismele proprii de reparare ale celulei\u00a0<\/strong>precum \u015fi \u00eembun\u0103t\u0103\u0163irea func\u0163iilor tenului. Baza pentru un anti aging real.<\/p>\n<p><strong>Soy Protein (Soia<\/strong>) con\u0163ine foarte mul\u0163i antioxidan\u0163i \u015fi fitohormoni, care activeaz\u0103 diviziunea celular\u0103 \u015fi care pot re\u021bine umezeala \u00een ten.<\/p>\n<p><strong>Tocopherol\u00a0 \/ vitamina E\u00a0<\/strong>\u00a0protejeaz\u0103 tenul de radicali liberi (antioxidant), \u00a0factor natural de umezeal\u0103 (NMF \u2013 component\u0103 a tenului).<\/p>\n<p><strong>Glycine Soja (Soyabean) Germ Extract<\/strong>\u00a0con\u0163ine foarte mul\u0163i antioxidan\u0163i, vitamina E \u015fi\u00a0 lecitin\u0103.<\/p>\n<p><strong>Carrot Root Extract \u00a0<\/strong>extract din r\u0103d\u0103cini de carote, con\u0163ine foarte mult\u0103 vitamin\u0103 natural\u0103 A (disponibilitate bio) \u015fi regleaz\u0103 produc\u0163ia de sebum al tenului. Ideal pentru tenul uscat \u015fi v\u0103t\u0103mat, \u015fi la regenerare \u00een caz de arderea la soare a tenului.<\/p>\n<p><strong><em><u>INGREDIENTE:<\/u><\/em><\/strong><\/p>\n<p>AQUA(WATER), ETHYLHEXYL METHOXYCINNAMATE, COCOGLYCERIDES, BUTYLENE GLYCOL, CETEARYL ALCOHOL, PHENYL-BENZIMIDAZOLE SULFONIC ACID, GLYCERYL STEARATE, PROPYLENE GLYCOL, CETEARYL GLUCOSIDE, PANTHENOL, BUTYL METHOXYDIBENZOYLMETHANE, HYDROLYZED SOY PROTEIN, XANTHAN GUM, TOCOPHEROL, GLYCINE SOJA(SOYBEAN)OIL, DAUCUS CAROTA SATIVA(CARROT)ROOT EXTRACT, SODIUM HYDROXIDE, CUTANEUS LYSATE, GLYCERIN, BENZYL ALCOHOL, BENZOIC ACID, SORBIC ACID, PARFUM(FRAGRANCE), CITRONELLOL, COUMARIN, HYDROXYISOHEXYL 3-CYCLOHEXENE CARBOXALDEHYDE,\u00a0 CI 40800(BETA-CAROTENE)<\/p>\n","protected":false},"excerpt":{"rendered":"<p>Produsul de protec\u0163ie solar\u0103 trebuie \u00eentotdeauna aplicat din timp pe ten. Numai \u00een combina\u0163ie cu stratul acid protector al tenului, dup\u0103 circa 20 de minute este dezvoltat factorul optim de protec\u0163ie. Sun protection system este indicat \u015fi ca o crem\u0103 dup\u0103 plaj\u0103. Ro\u015fea\u0163a dispare repede \u015fi este \u00eenlocuit\u0103 de un bronz bl\u00e2nd. Factorul 20 \u015fi 50+, cu filtre UV-A \u015fi UV-B, protejeaz\u0103 pielea de \u00eemb\u0103tr\u00e2nirea rapid\u0103.<\/p>\n","protected":false},"featured_media":794,"comment_status":"open","ping_status":"closed","template":"","meta":[],"product_cat":[32],"product_tag":[],"class_list":{"0":"post-793","1":"product","2":"type-product","3":"status-publish","4":"has-post-thumbnail","6":"product_cat-protectie-solara","8":"first","9":"instock","10":"shipping-taxable","11":"purchasable","12":"product-type-simple"},"yoast_head":"<!-- This site is optimized with the Yoast SEO plugin v24.0 - https:\/\/yoast.com\/wordpress\/plugins\/seo\/ -->\n<title>Sun Protection System 20 UVB - Luxury Spa Cluj Napoca<\/title>\n<meta name=\"robots\" content=\"index, follow, max-snippet:-1, max-image-preview:large, max-video-preview:-1\" \/>\n<link rel=\"canonical\" href=\"https:\/\/luxuryspacluj.upbit.ro\/produs\/sun-protection-system-20-uvb\/\" \/>\n<meta property=\"og:locale\" content=\"ro_RO\" \/>\n<meta property=\"og:type\" content=\"article\" \/>\n<meta property=\"og:title\" content=\"Sun Protection System 20 UVB - Luxury Spa Cluj Napoca\" \/>\n<meta property=\"og:description\" content=\"Produsul de protec\u0163ie solar\u0103 trebuie \u00eentotdeauna aplicat din timp pe ten. Numai \u00een combina\u0163ie cu stratul acid protector al tenului, dup\u0103 circa 20 de minute este dezvoltat factorul optim de protec\u0163ie. Sun protection system este indicat \u015fi ca o crem\u0103 dup\u0103 plaj\u0103. Ro\u015fea\u0163a dispare repede \u015fi este \u00eenlocuit\u0103 de un bronz bl\u00e2nd. Factorul 20 \u015fi 50+, cu filtre UV-A \u015fi UV-B, protejeaz\u0103 pielea de \u00eemb\u0103tr\u00e2nirea rapid\u0103.\" \/>\n<meta property=\"og:url\" content=\"https:\/\/luxuryspacluj.upbit.ro\/produs\/sun-protection-system-20-uvb\/\" \/>\n<meta property=\"og:site_name\" content=\"Luxury Spa Cluj Napoca\" \/>\n<meta property=\"article:publisher\" content=\"https:\/\/www.facebook.com\/LuxurySpaCluj\/\" \/>\n<meta property=\"article:modified_time\" content=\"2022-11-08T15:04:19+00:00\" \/>\n<meta property=\"og:image\" content=\"https:\/\/luxuryspacluj.upbit.ro\/wp-content\/uploads\/2020\/11\/silia_sunprotection_20_spender_ohne_spiegelung-1-scaled.jpg\" \/>\n\t<meta property=\"og:image:width\" content=\"2560\" \/>\n\t<meta property=\"og:image:height\" content=\"1809\" \/>\n\t<meta property=\"og:image:type\" content=\"image\/jpeg\" \/>\n<meta name=\"twitter:card\" content=\"summary_large_image\" \/>\n<meta name=\"twitter:label1\" content=\"Timp estimat pentru citire\" \/>\n\t<meta name=\"twitter:data1\" content=\"1 minut\" \/>\n<script type=\"application\/ld+json\" class=\"yoast-schema-graph\">{\"@context\":\"https:\/\/schema.org\",\"@graph\":[{\"@type\":\"WebPage\",\"@id\":\"https:\/\/luxuryspacluj.upbit.ro\/produs\/sun-protection-system-20-uvb\/\",\"url\":\"https:\/\/luxuryspacluj.upbit.ro\/produs\/sun-protection-system-20-uvb\/\",\"name\":\"Sun Protection System 20 UVB - Luxury Spa Cluj Napoca\",\"isPartOf\":{\"@id\":\"https:\/\/luxuryspacluj.upbit.ro\/#website\"},\"primaryImageOfPage\":{\"@id\":\"https:\/\/luxuryspacluj.upbit.ro\/produs\/sun-protection-system-20-uvb\/#primaryimage\"},\"image\":{\"@id\":\"https:\/\/luxuryspacluj.upbit.ro\/produs\/sun-protection-system-20-uvb\/#primaryimage\"},\"thumbnailUrl\":\"https:\/\/luxuryspacluj.upbit.ro\/wp-content\/uploads\/2020\/11\/silia_sunprotection_20_spender_ohne_spiegelung-1-scaled.jpg\",\"datePublished\":\"2020-11-23T11:14:31+00:00\",\"dateModified\":\"2022-11-08T15:04:19+00:00\",\"breadcrumb\":{\"@id\":\"https:\/\/luxuryspacluj.upbit.ro\/produs\/sun-protection-system-20-uvb\/#breadcrumb\"},\"inLanguage\":\"ro-RO\",\"potentialAction\":[{\"@type\":\"ReadAction\",\"target\":[\"https:\/\/luxuryspacluj.upbit.ro\/produs\/sun-protection-system-20-uvb\/\"]}]},{\"@type\":\"ImageObject\",\"inLanguage\":\"ro-RO\",\"@id\":\"https:\/\/luxuryspacluj.upbit.ro\/produs\/sun-protection-system-20-uvb\/#primaryimage\",\"url\":\"https:\/\/luxuryspacluj.upbit.ro\/wp-content\/uploads\/2020\/11\/silia_sunprotection_20_spender_ohne_spiegelung-1-scaled.jpg\",\"contentUrl\":\"https:\/\/luxuryspacluj.upbit.ro\/wp-content\/uploads\/2020\/11\/silia_sunprotection_20_spender_ohne_spiegelung-1-scaled.jpg\",\"width\":2560,\"height\":1809},{\"@type\":\"BreadcrumbList\",\"@id\":\"https:\/\/luxuryspacluj.upbit.ro\/produs\/sun-protection-system-20-uvb\/#breadcrumb\",\"itemListElement\":[{\"@type\":\"ListItem\",\"position\":1,\"name\":\"Home\",\"item\":\"https:\/\/luxuryspacluj.upbit.ro\/\"},{\"@type\":\"ListItem\",\"position\":2,\"name\":\"Shop\",\"item\":\"https:\/\/luxuryspacluj.upbit.ro\/?page_id=694\"},{\"@type\":\"ListItem\",\"position\":3,\"name\":\"Sun Protection System 20 UVB\"}]},{\"@type\":\"WebSite\",\"@id\":\"https:\/\/luxuryspacluj.upbit.ro\/#website\",\"url\":\"https:\/\/luxuryspacluj.upbit.ro\/\",\"name\":\"Luxury Spa Cluj Napoca\",\"description\":\"Luxury Spa Cluj Napoca\",\"publisher\":{\"@id\":\"https:\/\/luxuryspacluj.upbit.ro\/#organization\"},\"potentialAction\":[{\"@type\":\"SearchAction\",\"target\":{\"@type\":\"EntryPoint\",\"urlTemplate\":\"https:\/\/luxuryspacluj.upbit.ro\/?s={search_term_string}\"},\"query-input\":{\"@type\":\"PropertyValueSpecification\",\"valueRequired\":true,\"valueName\":\"search_term_string\"}}],\"inLanguage\":\"ro-RO\"},{\"@type\":\"Organization\",\"@id\":\"https:\/\/luxuryspacluj.upbit.ro\/#organization\",\"name\":\"Luxury Spa Cluj\",\"url\":\"https:\/\/luxuryspacluj.upbit.ro\/\",\"logo\":{\"@type\":\"ImageObject\",\"inLanguage\":\"ro-RO\",\"@id\":\"https:\/\/luxuryspacluj.upbit.ro\/#\/schema\/logo\/image\/\",\"url\":\"https:\/\/luxuryspacluj.upbit.ro\/wp-content\/uploads\/2019\/07\/LOGO.png\",\"contentUrl\":\"https:\/\/luxuryspacluj.upbit.ro\/wp-content\/uploads\/2019\/07\/LOGO.png\",\"width\":260,\"height\":249,\"caption\":\"Luxury Spa Cluj\"},\"image\":{\"@id\":\"https:\/\/luxuryspacluj.upbit.ro\/#\/schema\/logo\/image\/\"},\"sameAs\":[\"https:\/\/www.facebook.com\/LuxurySpaCluj\/\"]}]}<\/script>\n<!-- \/ Yoast SEO plugin. -->","yoast_head_json":{"title":"Sun Protection System 20 UVB - Luxury Spa Cluj Napoca","robots":{"index":"index","follow":"follow","max-snippet":"max-snippet:-1","max-image-preview":"max-image-preview:large","max-video-preview":"max-video-preview:-1"},"canonical":"https:\/\/luxuryspacluj.upbit.ro\/produs\/sun-protection-system-20-uvb\/","og_locale":"ro_RO","og_type":"article","og_title":"Sun Protection System 20 UVB - Luxury Spa Cluj Napoca","og_description":"Produsul de protec\u0163ie solar\u0103 trebuie \u00eentotdeauna aplicat din timp pe ten. Numai \u00een combina\u0163ie cu stratul acid protector al tenului, dup\u0103 circa 20 de minute este dezvoltat factorul optim de protec\u0163ie. Sun protection system este indicat \u015fi ca o crem\u0103 dup\u0103 plaj\u0103. Ro\u015fea\u0163a dispare repede \u015fi este \u00eenlocuit\u0103 de un bronz bl\u00e2nd. Factorul 20 \u015fi 50+, cu filtre UV-A \u015fi UV-B, protejeaz\u0103 pielea de \u00eemb\u0103tr\u00e2nirea rapid\u0103.","og_url":"https:\/\/luxuryspacluj.upbit.ro\/produs\/sun-protection-system-20-uvb\/","og_site_name":"Luxury Spa Cluj Napoca","article_publisher":"https:\/\/www.facebook.com\/LuxurySpaCluj\/","article_modified_time":"2022-11-08T15:04:19+00:00","og_image":[{"width":2560,"height":1809,"url":"https:\/\/luxuryspacluj.upbit.ro\/wp-content\/uploads\/2020\/11\/silia_sunprotection_20_spender_ohne_spiegelung-1-scaled.jpg","type":"image\/jpeg"}],"twitter_card":"summary_large_image","twitter_misc":{"Timp estimat pentru citire":"1 minut"},"schema":{"@context":"https:\/\/schema.org","@graph":[{"@type":"WebPage","@id":"https:\/\/luxuryspacluj.upbit.ro\/produs\/sun-protection-system-20-uvb\/","url":"https:\/\/luxuryspacluj.upbit.ro\/produs\/sun-protection-system-20-uvb\/","name":"Sun Protection System 20 UVB - Luxury Spa Cluj Napoca","isPartOf":{"@id":"https:\/\/luxuryspacluj.upbit.ro\/#website"},"primaryImageOfPage":{"@id":"https:\/\/luxuryspacluj.upbit.ro\/produs\/sun-protection-system-20-uvb\/#primaryimage"},"image":{"@id":"https:\/\/luxuryspacluj.upbit.ro\/produs\/sun-protection-system-20-uvb\/#primaryimage"},"thumbnailUrl":"https:\/\/luxuryspacluj.upbit.ro\/wp-content\/uploads\/2020\/11\/silia_sunprotection_20_spender_ohne_spiegelung-1-scaled.jpg","datePublished":"2020-11-23T11:14:31+00:00","dateModified":"2022-11-08T15:04:19+00:00","breadcrumb":{"@id":"https:\/\/luxuryspacluj.upbit.ro\/produs\/sun-protection-system-20-uvb\/#breadcrumb"},"inLanguage":"ro-RO","potentialAction":[{"@type":"ReadAction","target":["https:\/\/luxuryspacluj.upbit.ro\/produs\/sun-protection-system-20-uvb\/"]}]},{"@type":"ImageObject","inLanguage":"ro-RO","@id":"https:\/\/luxuryspacluj.upbit.ro\/produs\/sun-protection-system-20-uvb\/#primaryimage","url":"https:\/\/luxuryspacluj.upbit.ro\/wp-content\/uploads\/2020\/11\/silia_sunprotection_20_spender_ohne_spiegelung-1-scaled.jpg","contentUrl":"https:\/\/luxuryspacluj.upbit.ro\/wp-content\/uploads\/2020\/11\/silia_sunprotection_20_spender_ohne_spiegelung-1-scaled.jpg","width":2560,"height":1809},{"@type":"BreadcrumbList","@id":"https:\/\/luxuryspacluj.upbit.ro\/produs\/sun-protection-system-20-uvb\/#breadcrumb","itemListElement":[{"@type":"ListItem","position":1,"name":"Home","item":"https:\/\/luxuryspacluj.upbit.ro\/"},{"@type":"ListItem","position":2,"name":"Shop","item":"https:\/\/luxuryspacluj.upbit.ro\/?page_id=694"},{"@type":"ListItem","position":3,"name":"Sun Protection System 20 UVB"}]},{"@type":"WebSite","@id":"https:\/\/luxuryspacluj.upbit.ro\/#website","url":"https:\/\/luxuryspacluj.upbit.ro\/","name":"Luxury Spa Cluj Napoca","description":"Luxury Spa Cluj Napoca","publisher":{"@id":"https:\/\/luxuryspacluj.upbit.ro\/#organization"},"potentialAction":[{"@type":"SearchAction","target":{"@type":"EntryPoint","urlTemplate":"https:\/\/luxuryspacluj.upbit.ro\/?s={search_term_string}"},"query-input":{"@type":"PropertyValueSpecification","valueRequired":true,"valueName":"search_term_string"}}],"inLanguage":"ro-RO"},{"@type":"Organization","@id":"https:\/\/luxuryspacluj.upbit.ro\/#organization","name":"Luxury Spa Cluj","url":"https:\/\/luxuryspacluj.upbit.ro\/","logo":{"@type":"ImageObject","inLanguage":"ro-RO","@id":"https:\/\/luxuryspacluj.upbit.ro\/#\/schema\/logo\/image\/","url":"https:\/\/luxuryspacluj.upbit.ro\/wp-content\/uploads\/2019\/07\/LOGO.png","contentUrl":"https:\/\/luxuryspacluj.upbit.ro\/wp-content\/uploads\/2019\/07\/LOGO.png","width":260,"height":249,"caption":"Luxury Spa Cluj"},"image":{"@id":"https:\/\/luxuryspacluj.upbit.ro\/#\/schema\/logo\/image\/"},"sameAs":["https:\/\/www.facebook.com\/LuxurySpaCluj\/"]}]}},"_links":{"self":[{"href":"https:\/\/luxuryspacluj.upbit.ro\/index.php?rest_route=\/wp\/v2\/product\/793","targetHints":{"allow":["GET"]}}],"collection":[{"href":"https:\/\/luxuryspacluj.upbit.ro\/index.php?rest_route=\/wp\/v2\/product"}],"about":[{"href":"https:\/\/luxuryspacluj.upbit.ro\/index.php?rest_route=\/wp\/v2\/types\/product"}],"replies":[{"embeddable":true,"href":"https:\/\/luxuryspacluj.upbit.ro\/index.php?rest_route=%2Fwp%2Fv2%2Fcomments&post=793"}],"wp:featuredmedia":[{"embeddable":true,"href":"https:\/\/luxuryspacluj.upbit.ro\/index.php?rest_route=\/wp\/v2\/media\/794"}],"wp:attachment":[{"href":"https:\/\/luxuryspacluj.upbit.ro\/index.php?rest_route=%2Fwp%2Fv2%2Fmedia&parent=793"}],"wp:term":[{"taxonomy":"product_cat","embeddable":true,"href":"https:\/\/luxuryspacluj.upbit.ro\/index.php?rest_route=%2Fwp%2Fv2%2Fproduct_cat&post=793"},{"taxonomy":"product_tag","embeddable":true,"href":"https:\/\/luxuryspacluj.upbit.ro\/index.php?rest_route=%2Fwp%2Fv2%2Fproduct_tag&post=793"}],"curies":[{"name":"wp","href":"https:\/\/api.w.org\/{rel}","templated":true}]}}