{"id":795,"date":"2020-11-23T13:15:57","date_gmt":"2020-11-23T11:15:57","guid":{"rendered":"https:\/\/luxuryspacluj.upbit.ro\/?post_type=product&#038;p=795"},"modified":"2024-09-26T13:07:48","modified_gmt":"2024-09-26T11:07:48","slug":"sun-protection-system-50-uvb","status":"publish","type":"product","link":"https:\/\/luxuryspacluj.upbit.ro\/?product=sun-protection-system-50-uvb","title":{"rendered":"Sun Protection System 50+ UVB"},"content":{"rendered":"<h3>Tenul Sensibil La Lumin\u0103 Sau Tenul V\u0103t\u0103mat Necesit\u0103 Un Strat Protector Deosebit De Puternic Fa\u0163\u0103 De Soare. SILIA Sun Protection System Cu SPF 50+, Filtrele UVA \u015ei UVB Protejeaz\u0103 Tenul De O \u00cemb\u0103tr\u00e2nire Rapid\u0103 \u015ei Diminueaz\u0103 Producerea De Deregl\u0103ri Ale Pigmentului.<\/h3>\n<p>Moleculele cell supporting sus\u0163in regenerarea tenului. Sun protection system este indicat \u015fi la solar.<\/p>\n<ul>\n<li>protejeaz\u0103 cu factorul 50+<\/li>\n<li>filtrele\u00a0<u>UV-A \u015fi UV-B\u00a0<\/u>protejeaz\u0103 tenul de o \u00eemb\u0103tr\u00e2nire timpurie.<\/li>\n<li>Moleculele cell supporting sus\u0163in\u00a0<u>regenerarea tenului.<\/u><\/li>\n<li>sun protection system poate fi folosit \u015fi la solar.<\/li>\n<li>pentru evitarea \u015fi diminuarea de deregl\u0103ri ale pigmenta\u0163iei.<\/li>\n<li>poate fi folosit \u015fi la solar.<\/li>\n<\/ul>\n<p><em><u>Substan\u0163ele importante din con\u0163inut:<\/u><\/em><\/p>\n<p><strong>c.s.m. (cell supporting molecules) \/ Cutaneus Lysate<\/strong>\u00a0sus\u0163in\u00a0<strong>mecanismele proprii de reparare ale celulei\u00a0<\/strong>precum \u015fi \u00eembun\u0103t\u0103\u0163irea func\u0163iilor tenului. Baza pentru un anti aging real.<\/p>\n<p><strong>Soy Protein Soia<\/strong>) con\u0163ine foarte mul\u0163i antioxidan\u0163i \u015fi fitohormoni, care activeaz\u0103 diviziunea celular\u0103 \u015fi care pot re\u021bine umezeala \u00een ten.<\/p>\n<p><strong>\u00a0<\/strong><strong>Tocopherol\u00a0 \/\u00a0<\/strong><strong>vitamina E\u00a0<\/strong>\u00a0protejeaz\u0103 pielea de radicali liberi (antioxidant), \u00a0factor natural de umezeal\u0103 (NMF \u2013 component\u0103 a tenului).<\/p>\n<p><strong>Panthenol\u00a0<\/strong>\u00eenmagazineaz\u0103 umiditatea, antiinflamator, calmeaz\u0103 tenul<\/p>\n<p><strong>Oryzanol \u2013\u00a0<\/strong>lipid din ulei de orez, absorbant UVA \u015fi UVB, foarte bun antioxidant.<\/p>\n<p><strong><em><u>INGREDIENTE:<\/u><\/em><\/strong><\/p>\n<p>AQUA(WATER), OCTOCRYLENE, BUTYL METHOXYDIBENZOYLMETHANE, DIETHYLAMINO HYDROXYBENZOYL HEXYL BENZOATE, PHENYL-BENZIMIDAZOLE SULFONIC ACID, GLYCERYL STEARATE, CETEARYL ALCOHOL, COCOGLYCERIDES, PROPYLENE GLYCOL, POLYGLYCERYL-3 STEARATE, SODIUM STEAROYL LACTYLATE, PANTHENOL, GLYCERIN, XANTHAN GUM, TOCOPHEROL, HYDROLYZED SOY PROTEIN, SODIUM HYDROXIDE, CUTANEUS LYSATE, ORYZANOL, PHENOXYETHANOL, ETHYLHEXYLGLYCERIN, PARFUM(FRAGRANCE), COUMARIN, HYDROXYISOHEXYL 3-CYCLOHEXENE CARBOXALDEHYDE, CI 77891(TITANIUM DIOXIDE)<\/p>\n","protected":false},"excerpt":{"rendered":"<p><em><u>Mod de utilizare:<\/u><\/em><\/p>\n<p>Produsul de protec\u0163ie solar\u0103 trebuie \u00eentotdeauna aplicat din timp pe ten. Numai \u00een combina\u0163ie cu stratul acid protector al tenului, dup\u0103 circa 20 de minute este dezvoltat factorul optim de protec\u0163ie. Sun protection system este indicat \u015fi ca o crem\u0103 dup\u0103 plaj\u0103. Ro\u015fea\u0163a dispare repede \u015fi este \u00eenlocuit\u0103 de un bronz bland. Factorul 20 \u015fi 50+, cu filtre UV-A si UV-B, protejeaz\u0103 pielea de \u00eemb\u0103tr\u00e2nirea rapid\u0103.<\/p>\n<p><em><u>Aten\u0163ie:<\/u><\/em><\/p>\n<p>\u00cen caz de expunere\u00a0<u>extrem\u0103<\/u>\u00a0la soare, sun protection system SPF 50+ poate fi folosit\u0103 \u015fi pentru crem\u0103 de zi, dar av\u00e2nd \u00een vedere factorul \u00eenalt de protec\u0163ie, nu ar trebui folosit\u0103 astfel zilnic, \u00een decurs de mai multe s\u0103pt\u0103m\u00e2ni.<\/p>\n","protected":false},"featured_media":796,"comment_status":"open","ping_status":"closed","template":"","meta":[],"product_cat":[32],"product_tag":[],"class_list":{"0":"post-795","1":"product","2":"type-product","3":"status-publish","4":"has-post-thumbnail","6":"product_cat-protectie-solara","8":"first","9":"instock","10":"shipping-taxable","11":"purchasable","12":"product-type-simple"},"yoast_head":"<!-- This site is optimized with the Yoast SEO plugin v24.0 - https:\/\/yoast.com\/wordpress\/plugins\/seo\/ -->\n<title>Sun Protection System 50+ UVB - Luxury Spa Cluj Napoca<\/title>\n<meta name=\"robots\" content=\"index, follow, max-snippet:-1, max-image-preview:large, max-video-preview:-1\" \/>\n<link rel=\"canonical\" href=\"https:\/\/luxuryspacluj.upbit.ro\/produs\/sun-protection-system-50-uvb\/\" \/>\n<meta property=\"og:locale\" content=\"ro_RO\" \/>\n<meta property=\"og:type\" content=\"article\" \/>\n<meta property=\"og:title\" content=\"Sun Protection System 50+ UVB - Luxury Spa Cluj Napoca\" \/>\n<meta property=\"og:description\" content=\"Mod de utilizare:  Produsul de protec\u0163ie solar\u0103 trebuie \u00eentotdeauna aplicat din timp pe ten. Numai \u00een combina\u0163ie cu stratul acid protector al tenului, dup\u0103 circa 20 de minute este dezvoltat factorul optim de protec\u0163ie. Sun protection system este indicat \u015fi ca o crem\u0103 dup\u0103 plaj\u0103. Ro\u015fea\u0163a dispare repede \u015fi este \u00eenlocuit\u0103 de un bronz bland. Factorul 20 \u015fi 50+, cu filtre UV-A si UV-B, protejeaz\u0103 pielea de \u00eemb\u0103tr\u00e2nirea rapid\u0103.  Aten\u0163ie:  \u00cen caz de expunere\u00a0extrem\u0103\u00a0la soare, sun protection system SPF 50+ poate fi folosit\u0103 \u015fi pentru crem\u0103 de zi, dar av\u00e2nd \u00een vedere factorul \u00eenalt de protec\u0163ie, nu ar trebui folosit\u0103 astfel zilnic, \u00een decurs de mai multe s\u0103pt\u0103m\u00e2ni.\" \/>\n<meta property=\"og:url\" content=\"https:\/\/luxuryspacluj.upbit.ro\/produs\/sun-protection-system-50-uvb\/\" \/>\n<meta property=\"og:site_name\" content=\"Luxury Spa Cluj Napoca\" \/>\n<meta property=\"article:publisher\" content=\"https:\/\/www.facebook.com\/LuxurySpaCluj\/\" \/>\n<meta property=\"article:modified_time\" content=\"2024-09-26T11:07:48+00:00\" \/>\n<meta property=\"og:image\" content=\"https:\/\/luxuryspacluj.upbit.ro\/wp-content\/uploads\/2020\/11\/silia_sunprotection_50_spender_fg_ohne_spiegelung.png\" \/>\n\t<meta property=\"og:image:width\" content=\"3247\" \/>\n\t<meta property=\"og:image:height\" content=\"2056\" \/>\n\t<meta property=\"og:image:type\" content=\"image\/png\" \/>\n<meta name=\"twitter:card\" content=\"summary_large_image\" \/>\n<meta name=\"twitter:label1\" content=\"Timp estimat pentru citire\" \/>\n\t<meta name=\"twitter:data1\" content=\"1 minut\" \/>\n<script type=\"application\/ld+json\" class=\"yoast-schema-graph\">{\"@context\":\"https:\/\/schema.org\",\"@graph\":[{\"@type\":\"WebPage\",\"@id\":\"https:\/\/luxuryspacluj.upbit.ro\/produs\/sun-protection-system-50-uvb\/\",\"url\":\"https:\/\/luxuryspacluj.upbit.ro\/produs\/sun-protection-system-50-uvb\/\",\"name\":\"Sun Protection System 50+ UVB - Luxury Spa Cluj Napoca\",\"isPartOf\":{\"@id\":\"https:\/\/luxuryspacluj.upbit.ro\/#website\"},\"primaryImageOfPage\":{\"@id\":\"https:\/\/luxuryspacluj.upbit.ro\/produs\/sun-protection-system-50-uvb\/#primaryimage\"},\"image\":{\"@id\":\"https:\/\/luxuryspacluj.upbit.ro\/produs\/sun-protection-system-50-uvb\/#primaryimage\"},\"thumbnailUrl\":\"https:\/\/luxuryspacluj.upbit.ro\/wp-content\/uploads\/2020\/11\/silia_sunprotection_50_spender_fg_ohne_spiegelung.png\",\"datePublished\":\"2020-11-23T11:15:57+00:00\",\"dateModified\":\"2024-09-26T11:07:48+00:00\",\"breadcrumb\":{\"@id\":\"https:\/\/luxuryspacluj.upbit.ro\/produs\/sun-protection-system-50-uvb\/#breadcrumb\"},\"inLanguage\":\"ro-RO\",\"potentialAction\":[{\"@type\":\"ReadAction\",\"target\":[\"https:\/\/luxuryspacluj.upbit.ro\/produs\/sun-protection-system-50-uvb\/\"]}]},{\"@type\":\"ImageObject\",\"inLanguage\":\"ro-RO\",\"@id\":\"https:\/\/luxuryspacluj.upbit.ro\/produs\/sun-protection-system-50-uvb\/#primaryimage\",\"url\":\"https:\/\/luxuryspacluj.upbit.ro\/wp-content\/uploads\/2020\/11\/silia_sunprotection_50_spender_fg_ohne_spiegelung.png\",\"contentUrl\":\"https:\/\/luxuryspacluj.upbit.ro\/wp-content\/uploads\/2020\/11\/silia_sunprotection_50_spender_fg_ohne_spiegelung.png\",\"width\":3247,\"height\":2056},{\"@type\":\"BreadcrumbList\",\"@id\":\"https:\/\/luxuryspacluj.upbit.ro\/produs\/sun-protection-system-50-uvb\/#breadcrumb\",\"itemListElement\":[{\"@type\":\"ListItem\",\"position\":1,\"name\":\"Home\",\"item\":\"https:\/\/luxuryspacluj.upbit.ro\/\"},{\"@type\":\"ListItem\",\"position\":2,\"name\":\"Shop\",\"item\":\"https:\/\/luxuryspacluj.upbit.ro\/?page_id=694\"},{\"@type\":\"ListItem\",\"position\":3,\"name\":\"Sun Protection System 50+ UVB\"}]},{\"@type\":\"WebSite\",\"@id\":\"https:\/\/luxuryspacluj.upbit.ro\/#website\",\"url\":\"https:\/\/luxuryspacluj.upbit.ro\/\",\"name\":\"Luxury Spa Cluj Napoca\",\"description\":\"Luxury Spa Cluj Napoca\",\"publisher\":{\"@id\":\"https:\/\/luxuryspacluj.upbit.ro\/#organization\"},\"potentialAction\":[{\"@type\":\"SearchAction\",\"target\":{\"@type\":\"EntryPoint\",\"urlTemplate\":\"https:\/\/luxuryspacluj.upbit.ro\/?s={search_term_string}\"},\"query-input\":{\"@type\":\"PropertyValueSpecification\",\"valueRequired\":true,\"valueName\":\"search_term_string\"}}],\"inLanguage\":\"ro-RO\"},{\"@type\":\"Organization\",\"@id\":\"https:\/\/luxuryspacluj.upbit.ro\/#organization\",\"name\":\"Luxury Spa Cluj\",\"url\":\"https:\/\/luxuryspacluj.upbit.ro\/\",\"logo\":{\"@type\":\"ImageObject\",\"inLanguage\":\"ro-RO\",\"@id\":\"https:\/\/luxuryspacluj.upbit.ro\/#\/schema\/logo\/image\/\",\"url\":\"https:\/\/luxuryspacluj.upbit.ro\/wp-content\/uploads\/2019\/07\/LOGO.png\",\"contentUrl\":\"https:\/\/luxuryspacluj.upbit.ro\/wp-content\/uploads\/2019\/07\/LOGO.png\",\"width\":260,\"height\":249,\"caption\":\"Luxury Spa Cluj\"},\"image\":{\"@id\":\"https:\/\/luxuryspacluj.upbit.ro\/#\/schema\/logo\/image\/\"},\"sameAs\":[\"https:\/\/www.facebook.com\/LuxurySpaCluj\/\"]}]}<\/script>\n<!-- \/ Yoast SEO plugin. -->","yoast_head_json":{"title":"Sun Protection System 50+ UVB - Luxury Spa Cluj Napoca","robots":{"index":"index","follow":"follow","max-snippet":"max-snippet:-1","max-image-preview":"max-image-preview:large","max-video-preview":"max-video-preview:-1"},"canonical":"https:\/\/luxuryspacluj.upbit.ro\/produs\/sun-protection-system-50-uvb\/","og_locale":"ro_RO","og_type":"article","og_title":"Sun Protection System 50+ UVB - Luxury Spa Cluj Napoca","og_description":"Mod de utilizare:  Produsul de protec\u0163ie solar\u0103 trebuie \u00eentotdeauna aplicat din timp pe ten. Numai \u00een combina\u0163ie cu stratul acid protector al tenului, dup\u0103 circa 20 de minute este dezvoltat factorul optim de protec\u0163ie. Sun protection system este indicat \u015fi ca o crem\u0103 dup\u0103 plaj\u0103. Ro\u015fea\u0163a dispare repede \u015fi este \u00eenlocuit\u0103 de un bronz bland. Factorul 20 \u015fi 50+, cu filtre UV-A si UV-B, protejeaz\u0103 pielea de \u00eemb\u0103tr\u00e2nirea rapid\u0103.  Aten\u0163ie:  \u00cen caz de expunere\u00a0extrem\u0103\u00a0la soare, sun protection system SPF 50+ poate fi folosit\u0103 \u015fi pentru crem\u0103 de zi, dar av\u00e2nd \u00een vedere factorul \u00eenalt de protec\u0163ie, nu ar trebui folosit\u0103 astfel zilnic, \u00een decurs de mai multe s\u0103pt\u0103m\u00e2ni.","og_url":"https:\/\/luxuryspacluj.upbit.ro\/produs\/sun-protection-system-50-uvb\/","og_site_name":"Luxury Spa Cluj Napoca","article_publisher":"https:\/\/www.facebook.com\/LuxurySpaCluj\/","article_modified_time":"2024-09-26T11:07:48+00:00","og_image":[{"width":3247,"height":2056,"url":"https:\/\/luxuryspacluj.upbit.ro\/wp-content\/uploads\/2020\/11\/silia_sunprotection_50_spender_fg_ohne_spiegelung.png","type":"image\/png"}],"twitter_card":"summary_large_image","twitter_misc":{"Timp estimat pentru citire":"1 minut"},"schema":{"@context":"https:\/\/schema.org","@graph":[{"@type":"WebPage","@id":"https:\/\/luxuryspacluj.upbit.ro\/produs\/sun-protection-system-50-uvb\/","url":"https:\/\/luxuryspacluj.upbit.ro\/produs\/sun-protection-system-50-uvb\/","name":"Sun Protection System 50+ UVB - Luxury Spa Cluj Napoca","isPartOf":{"@id":"https:\/\/luxuryspacluj.upbit.ro\/#website"},"primaryImageOfPage":{"@id":"https:\/\/luxuryspacluj.upbit.ro\/produs\/sun-protection-system-50-uvb\/#primaryimage"},"image":{"@id":"https:\/\/luxuryspacluj.upbit.ro\/produs\/sun-protection-system-50-uvb\/#primaryimage"},"thumbnailUrl":"https:\/\/luxuryspacluj.upbit.ro\/wp-content\/uploads\/2020\/11\/silia_sunprotection_50_spender_fg_ohne_spiegelung.png","datePublished":"2020-11-23T11:15:57+00:00","dateModified":"2024-09-26T11:07:48+00:00","breadcrumb":{"@id":"https:\/\/luxuryspacluj.upbit.ro\/produs\/sun-protection-system-50-uvb\/#breadcrumb"},"inLanguage":"ro-RO","potentialAction":[{"@type":"ReadAction","target":["https:\/\/luxuryspacluj.upbit.ro\/produs\/sun-protection-system-50-uvb\/"]}]},{"@type":"ImageObject","inLanguage":"ro-RO","@id":"https:\/\/luxuryspacluj.upbit.ro\/produs\/sun-protection-system-50-uvb\/#primaryimage","url":"https:\/\/luxuryspacluj.upbit.ro\/wp-content\/uploads\/2020\/11\/silia_sunprotection_50_spender_fg_ohne_spiegelung.png","contentUrl":"https:\/\/luxuryspacluj.upbit.ro\/wp-content\/uploads\/2020\/11\/silia_sunprotection_50_spender_fg_ohne_spiegelung.png","width":3247,"height":2056},{"@type":"BreadcrumbList","@id":"https:\/\/luxuryspacluj.upbit.ro\/produs\/sun-protection-system-50-uvb\/#breadcrumb","itemListElement":[{"@type":"ListItem","position":1,"name":"Home","item":"https:\/\/luxuryspacluj.upbit.ro\/"},{"@type":"ListItem","position":2,"name":"Shop","item":"https:\/\/luxuryspacluj.upbit.ro\/?page_id=694"},{"@type":"ListItem","position":3,"name":"Sun Protection System 50+ UVB"}]},{"@type":"WebSite","@id":"https:\/\/luxuryspacluj.upbit.ro\/#website","url":"https:\/\/luxuryspacluj.upbit.ro\/","name":"Luxury Spa Cluj Napoca","description":"Luxury Spa Cluj Napoca","publisher":{"@id":"https:\/\/luxuryspacluj.upbit.ro\/#organization"},"potentialAction":[{"@type":"SearchAction","target":{"@type":"EntryPoint","urlTemplate":"https:\/\/luxuryspacluj.upbit.ro\/?s={search_term_string}"},"query-input":{"@type":"PropertyValueSpecification","valueRequired":true,"valueName":"search_term_string"}}],"inLanguage":"ro-RO"},{"@type":"Organization","@id":"https:\/\/luxuryspacluj.upbit.ro\/#organization","name":"Luxury Spa Cluj","url":"https:\/\/luxuryspacluj.upbit.ro\/","logo":{"@type":"ImageObject","inLanguage":"ro-RO","@id":"https:\/\/luxuryspacluj.upbit.ro\/#\/schema\/logo\/image\/","url":"https:\/\/luxuryspacluj.upbit.ro\/wp-content\/uploads\/2019\/07\/LOGO.png","contentUrl":"https:\/\/luxuryspacluj.upbit.ro\/wp-content\/uploads\/2019\/07\/LOGO.png","width":260,"height":249,"caption":"Luxury Spa Cluj"},"image":{"@id":"https:\/\/luxuryspacluj.upbit.ro\/#\/schema\/logo\/image\/"},"sameAs":["https:\/\/www.facebook.com\/LuxurySpaCluj\/"]}]}},"_links":{"self":[{"href":"https:\/\/luxuryspacluj.upbit.ro\/index.php?rest_route=\/wp\/v2\/product\/795","targetHints":{"allow":["GET"]}}],"collection":[{"href":"https:\/\/luxuryspacluj.upbit.ro\/index.php?rest_route=\/wp\/v2\/product"}],"about":[{"href":"https:\/\/luxuryspacluj.upbit.ro\/index.php?rest_route=\/wp\/v2\/types\/product"}],"replies":[{"embeddable":true,"href":"https:\/\/luxuryspacluj.upbit.ro\/index.php?rest_route=%2Fwp%2Fv2%2Fcomments&post=795"}],"wp:featuredmedia":[{"embeddable":true,"href":"https:\/\/luxuryspacluj.upbit.ro\/index.php?rest_route=\/wp\/v2\/media\/796"}],"wp:attachment":[{"href":"https:\/\/luxuryspacluj.upbit.ro\/index.php?rest_route=%2Fwp%2Fv2%2Fmedia&parent=795"}],"wp:term":[{"taxonomy":"product_cat","embeddable":true,"href":"https:\/\/luxuryspacluj.upbit.ro\/index.php?rest_route=%2Fwp%2Fv2%2Fproduct_cat&post=795"},{"taxonomy":"product_tag","embeddable":true,"href":"https:\/\/luxuryspacluj.upbit.ro\/index.php?rest_route=%2Fwp%2Fv2%2Fproduct_tag&post=795"}],"curies":[{"name":"wp","href":"https:\/\/api.w.org\/{rel}","templated":true}]}}