{"id":8065,"date":"2023-01-17T12:44:18","date_gmt":"2023-01-17T10:44:18","guid":{"rendered":"https:\/\/luxuryspacluj.upbit.ro\/?post_type=product&#038;p=8065"},"modified":"2023-08-11T15:01:05","modified_gmt":"2023-08-11T13:01:05","slug":"terapia-beauty-face","status":"publish","type":"product","link":"https:\/\/luxuryspacluj.upbit.ro\/?product=terapia-beauty-face","title":{"rendered":"Terapia Beauty Face"},"content":{"rendered":"","protected":false},"excerpt":{"rendered":"<p>Beauty Face o terapie complex\u0103 care combin\u0103 abordarea holistic\u0103 a tratamentelor faciale cu tehnici inovative de diagnosticare \u0219i tratament a tenului, pentru a-i asigura s\u0103n\u0103tatea, str\u0103lucirea \u0219i vitalitatea. Terapia include:<br \/>\n\u2714\ufe0fDiagnoz\u0103 facial\u0103, identificarea tipului de ten<br \/>\n\u2714\ufe0fRecomand\u0103ri de produse potrivite tipului de ten<br \/>\n\u2714\ufe0fMetode de \u00eengrijire\/ \u00eentre\u021binere a s\u0103n\u0103t\u0103\u021bii \u0219i frumuse\u021bii tenului<br \/>\n\u2714\ufe0fTratament Express Start Rejuvenate<\/p>\n<p><strong>Timp: 90 minute<\/strong><\/p>\n","protected":false},"featured_media":8063,"comment_status":"open","ping_status":"closed","template":"","meta":[],"product_cat":[28],"product_tag":[],"class_list":{"0":"post-8065","1":"product","2":"type-product","3":"status-publish","4":"has-post-thumbnail","6":"product_cat-fara-categorie","8":"first","9":"outofstock","10":"downloadable","11":"virtual","12":"purchasable","13":"product-type-simple"},"yoast_head":"<!-- This site is optimized with the Yoast SEO plugin v24.0 - https:\/\/yoast.com\/wordpress\/plugins\/seo\/ -->\n<title>Terapia Beauty Face - Luxury Spa Cluj Napoca<\/title>\n<meta name=\"robots\" content=\"index, follow, max-snippet:-1, max-image-preview:large, max-video-preview:-1\" \/>\n<link rel=\"canonical\" href=\"https:\/\/luxuryspacluj.upbit.ro\/produs\/terapia-beauty-face\/\" \/>\n<meta property=\"og:locale\" content=\"ro_RO\" \/>\n<meta property=\"og:type\" content=\"article\" \/>\n<meta property=\"og:title\" content=\"Terapia Beauty Face - Luxury Spa Cluj Napoca\" \/>\n<meta property=\"og:description\" content=\"Beauty Face o terapie complex\u0103 care combin\u0103 abordarea holistic\u0103 a tratamentelor faciale cu tehnici inovative de diagnosticare \u0219i tratament a tenului, pentru a-i asigura s\u0103n\u0103tatea, str\u0103lucirea \u0219i vitalitatea. Terapia include: \u2714\ufe0fDiagnoz\u0103 facial\u0103, identificarea tipului de ten \u2714\ufe0fRecomand\u0103ri de produse potrivite tipului de ten \u2714\ufe0fMetode de \u00eengrijire\/ \u00eentre\u021binere a s\u0103n\u0103t\u0103\u021bii \u0219i frumuse\u021bii tenului \u2714\ufe0fTratament Express Start Rejuvenate  Timp: 90 minute\" \/>\n<meta property=\"og:url\" content=\"https:\/\/luxuryspacluj.upbit.ro\/produs\/terapia-beauty-face\/\" \/>\n<meta property=\"og:site_name\" content=\"Luxury Spa Cluj Napoca\" \/>\n<meta property=\"article:publisher\" content=\"https:\/\/www.facebook.com\/LuxurySpaCluj\/\" \/>\n<meta property=\"article:modified_time\" content=\"2023-08-11T13:01:05+00:00\" \/>\n<meta property=\"og:image\" content=\"https:\/\/luxuryspacluj.upbit.ro\/wp-content\/uploads\/2023\/01\/Terapia-Beauty-Face.png\" \/>\n\t<meta property=\"og:image:width\" content=\"300\" \/>\n\t<meta property=\"og:image:height\" content=\"300\" \/>\n\t<meta property=\"og:image:type\" content=\"image\/png\" \/>\n<meta name=\"twitter:card\" content=\"summary_large_image\" \/>\n<script type=\"application\/ld+json\" class=\"yoast-schema-graph\">{\"@context\":\"https:\/\/schema.org\",\"@graph\":[{\"@type\":\"WebPage\",\"@id\":\"https:\/\/luxuryspacluj.upbit.ro\/produs\/terapia-beauty-face\/\",\"url\":\"https:\/\/luxuryspacluj.upbit.ro\/produs\/terapia-beauty-face\/\",\"name\":\"Terapia Beauty Face - Luxury Spa Cluj Napoca\",\"isPartOf\":{\"@id\":\"https:\/\/luxuryspacluj.upbit.ro\/#website\"},\"primaryImageOfPage\":{\"@id\":\"https:\/\/luxuryspacluj.upbit.ro\/produs\/terapia-beauty-face\/#primaryimage\"},\"image\":{\"@id\":\"https:\/\/luxuryspacluj.upbit.ro\/produs\/terapia-beauty-face\/#primaryimage\"},\"thumbnailUrl\":\"https:\/\/luxuryspacluj.upbit.ro\/wp-content\/uploads\/2023\/01\/Terapia-Beauty-Face.png\",\"datePublished\":\"2023-01-17T10:44:18+00:00\",\"dateModified\":\"2023-08-11T13:01:05+00:00\",\"breadcrumb\":{\"@id\":\"https:\/\/luxuryspacluj.upbit.ro\/produs\/terapia-beauty-face\/#breadcrumb\"},\"inLanguage\":\"ro-RO\",\"potentialAction\":[{\"@type\":\"ReadAction\",\"target\":[\"https:\/\/luxuryspacluj.upbit.ro\/produs\/terapia-beauty-face\/\"]}]},{\"@type\":\"ImageObject\",\"inLanguage\":\"ro-RO\",\"@id\":\"https:\/\/luxuryspacluj.upbit.ro\/produs\/terapia-beauty-face\/#primaryimage\",\"url\":\"https:\/\/luxuryspacluj.upbit.ro\/wp-content\/uploads\/2023\/01\/Terapia-Beauty-Face.png\",\"contentUrl\":\"https:\/\/luxuryspacluj.upbit.ro\/wp-content\/uploads\/2023\/01\/Terapia-Beauty-Face.png\",\"width\":300,\"height\":300},{\"@type\":\"BreadcrumbList\",\"@id\":\"https:\/\/luxuryspacluj.upbit.ro\/produs\/terapia-beauty-face\/#breadcrumb\",\"itemListElement\":[{\"@type\":\"ListItem\",\"position\":1,\"name\":\"Home\",\"item\":\"https:\/\/luxuryspacluj.upbit.ro\/\"},{\"@type\":\"ListItem\",\"position\":2,\"name\":\"Shop\",\"item\":\"https:\/\/luxuryspacluj.upbit.ro\/?page_id=694\"},{\"@type\":\"ListItem\",\"position\":3,\"name\":\"Terapia Beauty Face\"}]},{\"@type\":\"WebSite\",\"@id\":\"https:\/\/luxuryspacluj.upbit.ro\/#website\",\"url\":\"https:\/\/luxuryspacluj.upbit.ro\/\",\"name\":\"Luxury Spa Cluj Napoca\",\"description\":\"Luxury Spa Cluj Napoca\",\"publisher\":{\"@id\":\"https:\/\/luxuryspacluj.upbit.ro\/#organization\"},\"potentialAction\":[{\"@type\":\"SearchAction\",\"target\":{\"@type\":\"EntryPoint\",\"urlTemplate\":\"https:\/\/luxuryspacluj.upbit.ro\/?s={search_term_string}\"},\"query-input\":{\"@type\":\"PropertyValueSpecification\",\"valueRequired\":true,\"valueName\":\"search_term_string\"}}],\"inLanguage\":\"ro-RO\"},{\"@type\":\"Organization\",\"@id\":\"https:\/\/luxuryspacluj.upbit.ro\/#organization\",\"name\":\"Luxury Spa Cluj\",\"url\":\"https:\/\/luxuryspacluj.upbit.ro\/\",\"logo\":{\"@type\":\"ImageObject\",\"inLanguage\":\"ro-RO\",\"@id\":\"https:\/\/luxuryspacluj.upbit.ro\/#\/schema\/logo\/image\/\",\"url\":\"https:\/\/luxuryspacluj.upbit.ro\/wp-content\/uploads\/2019\/07\/LOGO.png\",\"contentUrl\":\"https:\/\/luxuryspacluj.upbit.ro\/wp-content\/uploads\/2019\/07\/LOGO.png\",\"width\":260,\"height\":249,\"caption\":\"Luxury Spa Cluj\"},\"image\":{\"@id\":\"https:\/\/luxuryspacluj.upbit.ro\/#\/schema\/logo\/image\/\"},\"sameAs\":[\"https:\/\/www.facebook.com\/LuxurySpaCluj\/\"]}]}<\/script>\n<!-- \/ Yoast SEO plugin. -->","yoast_head_json":{"title":"Terapia Beauty Face - Luxury Spa Cluj Napoca","robots":{"index":"index","follow":"follow","max-snippet":"max-snippet:-1","max-image-preview":"max-image-preview:large","max-video-preview":"max-video-preview:-1"},"canonical":"https:\/\/luxuryspacluj.upbit.ro\/produs\/terapia-beauty-face\/","og_locale":"ro_RO","og_type":"article","og_title":"Terapia Beauty Face - Luxury Spa Cluj Napoca","og_description":"Beauty Face o terapie complex\u0103 care combin\u0103 abordarea holistic\u0103 a tratamentelor faciale cu tehnici inovative de diagnosticare \u0219i tratament a tenului, pentru a-i asigura s\u0103n\u0103tatea, str\u0103lucirea \u0219i vitalitatea. Terapia include: \u2714\ufe0fDiagnoz\u0103 facial\u0103, identificarea tipului de ten \u2714\ufe0fRecomand\u0103ri de produse potrivite tipului de ten \u2714\ufe0fMetode de \u00eengrijire\/ \u00eentre\u021binere a s\u0103n\u0103t\u0103\u021bii \u0219i frumuse\u021bii tenului \u2714\ufe0fTratament Express Start Rejuvenate  Timp: 90 minute","og_url":"https:\/\/luxuryspacluj.upbit.ro\/produs\/terapia-beauty-face\/","og_site_name":"Luxury Spa Cluj Napoca","article_publisher":"https:\/\/www.facebook.com\/LuxurySpaCluj\/","article_modified_time":"2023-08-11T13:01:05+00:00","og_image":[{"width":300,"height":300,"url":"https:\/\/luxuryspacluj.upbit.ro\/wp-content\/uploads\/2023\/01\/Terapia-Beauty-Face.png","type":"image\/png"}],"twitter_card":"summary_large_image","schema":{"@context":"https:\/\/schema.org","@graph":[{"@type":"WebPage","@id":"https:\/\/luxuryspacluj.upbit.ro\/produs\/terapia-beauty-face\/","url":"https:\/\/luxuryspacluj.upbit.ro\/produs\/terapia-beauty-face\/","name":"Terapia Beauty Face - Luxury Spa Cluj Napoca","isPartOf":{"@id":"https:\/\/luxuryspacluj.upbit.ro\/#website"},"primaryImageOfPage":{"@id":"https:\/\/luxuryspacluj.upbit.ro\/produs\/terapia-beauty-face\/#primaryimage"},"image":{"@id":"https:\/\/luxuryspacluj.upbit.ro\/produs\/terapia-beauty-face\/#primaryimage"},"thumbnailUrl":"https:\/\/luxuryspacluj.upbit.ro\/wp-content\/uploads\/2023\/01\/Terapia-Beauty-Face.png","datePublished":"2023-01-17T10:44:18+00:00","dateModified":"2023-08-11T13:01:05+00:00","breadcrumb":{"@id":"https:\/\/luxuryspacluj.upbit.ro\/produs\/terapia-beauty-face\/#breadcrumb"},"inLanguage":"ro-RO","potentialAction":[{"@type":"ReadAction","target":["https:\/\/luxuryspacluj.upbit.ro\/produs\/terapia-beauty-face\/"]}]},{"@type":"ImageObject","inLanguage":"ro-RO","@id":"https:\/\/luxuryspacluj.upbit.ro\/produs\/terapia-beauty-face\/#primaryimage","url":"https:\/\/luxuryspacluj.upbit.ro\/wp-content\/uploads\/2023\/01\/Terapia-Beauty-Face.png","contentUrl":"https:\/\/luxuryspacluj.upbit.ro\/wp-content\/uploads\/2023\/01\/Terapia-Beauty-Face.png","width":300,"height":300},{"@type":"BreadcrumbList","@id":"https:\/\/luxuryspacluj.upbit.ro\/produs\/terapia-beauty-face\/#breadcrumb","itemListElement":[{"@type":"ListItem","position":1,"name":"Home","item":"https:\/\/luxuryspacluj.upbit.ro\/"},{"@type":"ListItem","position":2,"name":"Shop","item":"https:\/\/luxuryspacluj.upbit.ro\/?page_id=694"},{"@type":"ListItem","position":3,"name":"Terapia Beauty Face"}]},{"@type":"WebSite","@id":"https:\/\/luxuryspacluj.upbit.ro\/#website","url":"https:\/\/luxuryspacluj.upbit.ro\/","name":"Luxury Spa Cluj Napoca","description":"Luxury Spa Cluj Napoca","publisher":{"@id":"https:\/\/luxuryspacluj.upbit.ro\/#organization"},"potentialAction":[{"@type":"SearchAction","target":{"@type":"EntryPoint","urlTemplate":"https:\/\/luxuryspacluj.upbit.ro\/?s={search_term_string}"},"query-input":{"@type":"PropertyValueSpecification","valueRequired":true,"valueName":"search_term_string"}}],"inLanguage":"ro-RO"},{"@type":"Organization","@id":"https:\/\/luxuryspacluj.upbit.ro\/#organization","name":"Luxury Spa Cluj","url":"https:\/\/luxuryspacluj.upbit.ro\/","logo":{"@type":"ImageObject","inLanguage":"ro-RO","@id":"https:\/\/luxuryspacluj.upbit.ro\/#\/schema\/logo\/image\/","url":"https:\/\/luxuryspacluj.upbit.ro\/wp-content\/uploads\/2019\/07\/LOGO.png","contentUrl":"https:\/\/luxuryspacluj.upbit.ro\/wp-content\/uploads\/2019\/07\/LOGO.png","width":260,"height":249,"caption":"Luxury Spa Cluj"},"image":{"@id":"https:\/\/luxuryspacluj.upbit.ro\/#\/schema\/logo\/image\/"},"sameAs":["https:\/\/www.facebook.com\/LuxurySpaCluj\/"]}]}},"_links":{"self":[{"href":"https:\/\/luxuryspacluj.upbit.ro\/index.php?rest_route=\/wp\/v2\/product\/8065","targetHints":{"allow":["GET"]}}],"collection":[{"href":"https:\/\/luxuryspacluj.upbit.ro\/index.php?rest_route=\/wp\/v2\/product"}],"about":[{"href":"https:\/\/luxuryspacluj.upbit.ro\/index.php?rest_route=\/wp\/v2\/types\/product"}],"replies":[{"embeddable":true,"href":"https:\/\/luxuryspacluj.upbit.ro\/index.php?rest_route=%2Fwp%2Fv2%2Fcomments&post=8065"}],"wp:featuredmedia":[{"embeddable":true,"href":"https:\/\/luxuryspacluj.upbit.ro\/index.php?rest_route=\/wp\/v2\/media\/8063"}],"wp:attachment":[{"href":"https:\/\/luxuryspacluj.upbit.ro\/index.php?rest_route=%2Fwp%2Fv2%2Fmedia&parent=8065"}],"wp:term":[{"taxonomy":"product_cat","embeddable":true,"href":"https:\/\/luxuryspacluj.upbit.ro\/index.php?rest_route=%2Fwp%2Fv2%2Fproduct_cat&post=8065"},{"taxonomy":"product_tag","embeddable":true,"href":"https:\/\/luxuryspacluj.upbit.ro\/index.php?rest_route=%2Fwp%2Fv2%2Fproduct_tag&post=8065"}],"curies":[{"name":"wp","href":"https:\/\/api.w.org\/{rel}","templated":true}]}}